{"id":25139,"date":"2021-11-02T10:50:03","date_gmt":"2021-11-02T10:50:03","guid":{"rendered":"https:\/\/paneco.ch\/?page_id=25139"},"modified":"2022-03-15T13:22:34","modified_gmt":"2022-03-15T13:22:34","slug":"soutenir","status":"publish","type":"page","link":"https:\/\/paneco.ch\/fr\/soutenir\/","title":{"rendered":"Soutenir"},"content":{"rendered":"\t\t<div data-elementor-type=\"wp-page\" data-elementor-id=\"25139\" class=\"elementor elementor-25139 elementor-399\" data-elementor-post-type=\"page\">\n\t\t\t\t\t\t<section class=\"elementor-section elementor-top-section elementor-element elementor-element-c3f7664 elementor-section-stretched elementor-section-height-min-height elementor-section-boxed elementor-section-height-default elementor-section-items-middle\" data-id=\"c3f7664\" data-element_type=\"section\" data-e-type=\"section\" data-settings=\"{&quot;stretch_section&quot;:&quot;section-stretched&quot;,&quot;background_background&quot;:&quot;classic&quot;}\">\n\t\t\t\t\t\t<div class=\"elementor-container elementor-column-gap-no\">\n\t\t\t\t\t<div class=\"elementor-column elementor-col-50 elementor-top-column elementor-element elementor-element-382336e\" data-id=\"382336e\" data-element_type=\"column\" data-e-type=\"column\">\n\t\t\t<div class=\"elementor-widget-wrap elementor-element-populated\">\n\t\t\t\t\t\t<div class=\"elementor-element elementor-element-de72b91 elementor-hidden-desktop elementor-hidden-laptop elementor-hidden-tablet elementor-widget elementor-widget-image\" data-id=\"de72b91\" data-element_type=\"widget\" data-e-type=\"widget\" data-widget_type=\"image.default\">\n\t\t\t\t<div class=\"elementor-widget-container\">\n\t\t\t\t\t\t\t\t\t\t\t\t\t\t\t<img fetchpriority=\"high\" decoding=\"async\" width=\"768\" height=\"576\" src=\"https:\/\/paneco.ch\/wp-content\/uploads\/2021\/11\/Titel_Spenden-Verteilerseite_Maxime-Aliaga_quer_BEARB-768x576.jpg\" class=\"attachment-medium_large size-medium_large wp-image-21223\" alt=\"\" srcset=\"https:\/\/paneco.ch\/wp-content\/uploads\/2021\/11\/Titel_Spenden-Verteilerseite_Maxime-Aliaga_quer_BEARB-768x576.jpg 768w, https:\/\/paneco.ch\/wp-content\/uploads\/2021\/11\/Titel_Spenden-Verteilerseite_Maxime-Aliaga_quer_BEARB-300x225.jpg 300w, https:\/\/paneco.ch\/wp-content\/uploads\/2021\/11\/Titel_Spenden-Verteilerseite_Maxime-Aliaga_quer_BEARB-1024x768.jpg 1024w, https:\/\/paneco.ch\/wp-content\/uploads\/2021\/11\/Titel_Spenden-Verteilerseite_Maxime-Aliaga_quer_BEARB-1536x1152.jpg 1536w, https:\/\/paneco.ch\/wp-content\/uploads\/2021\/11\/Titel_Spenden-Verteilerseite_Maxime-Aliaga_quer_BEARB-2048x1536.jpg 2048w\" sizes=\"(max-width: 768px) 100vw, 768px\" \/>\t\t\t\t\t\t\t\t\t\t\t\t\t\t\t<\/div>\n\t\t\t\t<\/div>\n\t\t\t\t\t<\/div>\n\t\t<\/div>\n\t\t\t\t<div class=\"elementor-column elementor-col-50 elementor-top-column elementor-element elementor-element-32772e9\" data-id=\"32772e9\" data-element_type=\"column\" data-e-type=\"column\">\n\t\t\t<div class=\"elementor-widget-wrap elementor-element-populated\">\n\t\t\t\t\t\t<section class=\"elementor-section elementor-inner-section elementor-element elementor-element-df0cf39 elementor-section-boxed elementor-section-height-default elementor-section-height-default\" data-id=\"df0cf39\" data-element_type=\"section\" data-e-type=\"section\" data-settings=\"{&quot;background_background&quot;:&quot;classic&quot;,&quot;motion_fx_motion_fx_scrolling&quot;:&quot;yes&quot;,&quot;motion_fx_devices&quot;:[&quot;desktop&quot;,&quot;laptop&quot;,&quot;tablet&quot;,&quot;mobile&quot;]}\">\n\t\t\t\t\t\t<div class=\"elementor-container elementor-column-gap-no\">\n\t\t\t\t\t<div class=\"elementor-column elementor-col-100 elementor-inner-column elementor-element elementor-element-239a217\" data-id=\"239a217\" data-element_type=\"column\" data-e-type=\"column\">\n\t\t\t<div class=\"elementor-widget-wrap elementor-element-populated\">\n\t\t\t\t\t\t<div class=\"elementor-element elementor-element-b0c0a08 elementor-widget elementor-widget-heading\" data-id=\"b0c0a08\" data-element_type=\"widget\" data-e-type=\"widget\" data-widget_type=\"heading.default\">\n\t\t\t\t<div class=\"elementor-widget-container\">\n\t\t\t\t\t<h1 class=\"elementor-heading-title elementor-size-default\">Mon don<\/h1>\t\t\t\t<\/div>\n\t\t\t\t<\/div>\n\t\t\t\t<div class=\"elementor-element elementor-element-a58d914 elementor-widget elementor-widget-text-editor\" data-id=\"a58d914\" data-element_type=\"widget\" data-e-type=\"widget\" data-widget_type=\"text-editor.default\">\n\t\t\t\t<div class=\"elementor-widget-container\">\n\t\t\t\t\t\t\t\t\t<p>Gr\u00e2ce \u00e0 votre soutien, nous pouvons nous engager \u00e0 long terme en faveur des habitats et des esp\u00e8ces menac\u00e9s ainsi que de l&rsquo;\u00e9ducation \u00e0 l&rsquo;environnement.<\/p>\t\t\t\t\t\t\t\t<\/div>\n\t\t\t\t<\/div>\n\t\t\t\t<div class=\"elementor-element elementor-element-8e80977 elementor-widget__width-auto elementor-widget elementor-widget-global elementor-global-26803 elementor-widget-button\" data-id=\"8e80977\" data-element_type=\"widget\" data-e-type=\"widget\" data-widget_type=\"button.default\">\n\t\t\t\t<div class=\"elementor-widget-container\">\n\t\t\t\t\t\t\t\t\t<div class=\"elementor-button-wrapper\">\n\t\t\t\t\t<a class=\"elementor-button elementor-button-link elementor-size-sm\" href=\"\/fr\/faire-un-don?rnw-purpose=p1&#038;rnw-amount=50\">\n\t\t\t\t\t\t<span class=\"elementor-button-content-wrapper\">\n\t\t\t\t\t\t\t\t\t<span class=\"elementor-button-text\">CHF 50.\u2013<\/span>\n\t\t\t\t\t<\/span>\n\t\t\t\t\t<\/a>\n\t\t\t\t<\/div>\n\t\t\t\t\t\t\t\t<\/div>\n\t\t\t\t<\/div>\n\t\t\t\t<div class=\"elementor-element elementor-element-41008d2 elementor-widget__width-auto elementor-widget elementor-widget-global elementor-global-26806 elementor-widget-button\" data-id=\"41008d2\" data-element_type=\"widget\" data-e-type=\"widget\" data-widget_type=\"button.default\">\n\t\t\t\t<div class=\"elementor-widget-container\">\n\t\t\t\t\t\t\t\t\t<div class=\"elementor-button-wrapper\">\n\t\t\t\t\t<a class=\"elementor-button elementor-button-link elementor-size-sm\" href=\"\/fr\/faire-un-don?rnw-purpose=p1&#038;rnw-amount=80\">\n\t\t\t\t\t\t<span class=\"elementor-button-content-wrapper\">\n\t\t\t\t\t\t\t\t\t<span class=\"elementor-button-text\">CHF 80.\u2013<\/span>\n\t\t\t\t\t<\/span>\n\t\t\t\t\t<\/a>\n\t\t\t\t<\/div>\n\t\t\t\t\t\t\t\t<\/div>\n\t\t\t\t<\/div>\n\t\t\t\t<div class=\"elementor-element elementor-element-c9412bf elementor-widget__width-auto elementor-widget elementor-widget-global elementor-global-26809 elementor-widget-button\" data-id=\"c9412bf\" data-element_type=\"widget\" data-e-type=\"widget\" data-widget_type=\"button.default\">\n\t\t\t\t<div class=\"elementor-widget-container\">\n\t\t\t\t\t\t\t\t\t<div class=\"elementor-button-wrapper\">\n\t\t\t\t\t<a class=\"elementor-button elementor-button-link elementor-size-sm\" href=\"\/fr\/faire-un-don?rnw-purpose=p1&#038;rnw-amount=120\">\n\t\t\t\t\t\t<span class=\"elementor-button-content-wrapper\">\n\t\t\t\t\t\t\t\t\t<span class=\"elementor-button-text\">CHF 120.\u2013<\/span>\n\t\t\t\t\t<\/span>\n\t\t\t\t\t<\/a>\n\t\t\t\t<\/div>\n\t\t\t\t\t\t\t\t<\/div>\n\t\t\t\t<\/div>\n\t\t\t\t<div class=\"elementor-element elementor-element-6e34e4d elementor-widget__width-auto elementor-widget elementor-widget-global elementor-global-26812 elementor-widget-button\" data-id=\"6e34e4d\" data-element_type=\"widget\" data-e-type=\"widget\" data-widget_type=\"button.default\">\n\t\t\t\t<div class=\"elementor-widget-container\">\n\t\t\t\t\t\t\t\t\t<div class=\"elementor-button-wrapper\">\n\t\t\t\t\t<a class=\"elementor-button elementor-button-link elementor-size-sm\" href=\"\/fr\/faire-un-don?rnw-purpose=p1&#038;rnw-amount=200\">\n\t\t\t\t\t\t<span class=\"elementor-button-content-wrapper\">\n\t\t\t\t\t\t\t\t\t<span class=\"elementor-button-text\">CHF 200.\u2013<\/span>\n\t\t\t\t\t<\/span>\n\t\t\t\t\t<\/a>\n\t\t\t\t<\/div>\n\t\t\t\t\t\t\t\t<\/div>\n\t\t\t\t<\/div>\n\t\t\t\t<div class=\"elementor-element elementor-element-35db2a1 elementor-widget__width-auto elementor-widget-laptop__width-auto elementor-widget elementor-widget-global elementor-global-26815 elementor-widget-html\" data-id=\"35db2a1\" data-element_type=\"widget\" data-e-type=\"widget\" data-widget_type=\"html.default\">\n\t\t\t\t<div class=\"elementor-widget-container\">\n\t\t\t\t\t<script>\n    function sendCustomAmount() {\n        const amount = jQuery(\"#customAmountDonationInput\").val()\n        if (amount != null && amount != \"\" && !isNaN(amount) && amount > 0) {\n            window.open(\"https:\/\/paneco.ch\/fr\/soutenir?rnw-purpose=p1&rnw-amount=\" + amount, \"_self\");\n        }\n    }\n<\/script>\n\n<div class=\"customDonation\">\n<div #customAmountDonationButton class=\"donationButton\" >\n    <span>Montant libre CHF <\/span>\n    <input id=\"customAmountDonationInput\" size=\"7\" style=\"\"\/>\n    <span><\/span>\n    <button onclick=\"sendCustomAmount()\"><img decoding=\"async\" src=\"\/wp-content\/uploads\/2021\/11\/arrow-right-1.svg\"><\/button>\n<\/div>\n<\/div>\n\n\n\t\t\t\t<\/div>\n\t\t\t\t<\/div>\n\t\t\t\t\t<\/div>\n\t\t<\/div>\n\t\t\t\t\t<\/div>\n\t\t<\/section>\n\t\t\t\t\t<\/div>\n\t\t<\/div>\n\t\t\t\t\t<\/div>\n\t\t<\/section>\n\t\t\t\t<section class=\"elementor-section elementor-top-section elementor-element elementor-element-b0dbde3 elementor-section-boxed elementor-section-height-default elementor-section-height-default\" data-id=\"b0dbde3\" data-element_type=\"section\" data-e-type=\"section\">\n\t\t\t\t\t\t<div class=\"elementor-container elementor-column-gap-no\">\n\t\t\t\t\t<div class=\"elementor-column elementor-col-20 elementor-top-column elementor-element elementor-element-87a0a81\" data-id=\"87a0a81\" data-element_type=\"column\" data-e-type=\"column\">\n\t\t\t<div class=\"elementor-widget-wrap elementor-element-populated\">\n\t\t\t\t\t\t<div class=\"elementor-element elementor-element-f8f30d6 elementor-widget elementor-widget-image\" data-id=\"f8f30d6\" data-element_type=\"widget\" data-e-type=\"widget\" data-widget_type=\"image.default\">\n\t\t\t\t<div class=\"elementor-widget-container\">\n\t\t\t\t\t\t\t\t\t\t\t\t\t\t\t\t<a href=\"https:\/\/paneco.ch\/fr\/parrainage\/\">\n\t\t\t\t\t\t\t<img decoding=\"async\" width=\"1920\" height=\"2560\" src=\"https:\/\/paneco.ch\/wp-content\/uploads\/2021\/11\/Antana_BEARB-scaled.jpg\" class=\"attachment-full size-full wp-image-21343\" alt=\"\" srcset=\"https:\/\/paneco.ch\/wp-content\/uploads\/2021\/11\/Antana_BEARB-scaled.jpg 1920w, https:\/\/paneco.ch\/wp-content\/uploads\/2021\/11\/Antana_BEARB-225x300.jpg 225w, https:\/\/paneco.ch\/wp-content\/uploads\/2021\/11\/Antana_BEARB-768x1024.jpg 768w, https:\/\/paneco.ch\/wp-content\/uploads\/2021\/11\/Antana_BEARB-300x400.jpg 300w, https:\/\/paneco.ch\/wp-content\/uploads\/2021\/11\/Antana_BEARB-1152x1536.jpg 1152w, https:\/\/paneco.ch\/wp-content\/uploads\/2021\/11\/Antana_BEARB-1536x2048.jpg 1536w\" sizes=\"(max-width: 1920px) 100vw, 1920px\" \/>\t\t\t\t\t\t\t\t<\/a>\n\t\t\t\t\t\t\t\t\t\t\t\t\t\t\t<\/div>\n\t\t\t\t<\/div>\n\t\t\t\t\t<\/div>\n\t\t<\/div>\n\t\t\t\t<div class=\"elementor-column elementor-col-20 elementor-top-column elementor-element elementor-element-5c784a9\" data-id=\"5c784a9\" data-element_type=\"column\" data-e-type=\"column\" data-settings=\"{&quot;background_background&quot;:&quot;classic&quot;}\">\n\t\t\t<div class=\"elementor-widget-wrap elementor-element-populated\">\n\t\t\t\t\t\t<div class=\"elementor-element elementor-element-f2b68c8 elementor-widget elementor-widget-heading\" data-id=\"f2b68c8\" data-element_type=\"widget\" data-e-type=\"widget\" data-widget_type=\"heading.default\">\n\t\t\t\t<div class=\"elementor-widget-container\">\n\t\t\t\t\t<div class=\"elementor-heading-title elementor-size-default\">Un parrainage d\u2019un orang-outan<\/div>\t\t\t\t<\/div>\n\t\t\t\t<\/div>\n\t\t\t\t<div class=\"elementor-element elementor-element-5c3f73c elementor-widget elementor-widget-heading\" data-id=\"5c3f73c\" data-element_type=\"widget\" data-e-type=\"widget\" data-widget_type=\"heading.default\">\n\t\t\t\t<div class=\"elementor-widget-container\">\n\t\t\t\t\t<h3 class=\"elementor-heading-title elementor-size-default\"><a href=\"https:\/\/paneco.ch\/fr\/parrainage\/\">Devenir parrain et marraine<\/a><\/h3>\t\t\t\t<\/div>\n\t\t\t\t<\/div>\n\t\t\t\t<div class=\"elementor-element elementor-element-2052522 elementor-widget elementor-widget-text-editor\" data-id=\"2052522\" data-element_type=\"widget\" data-e-type=\"widget\" data-widget_type=\"text-editor.default\">\n\t\t\t\t<div class=\"elementor-widget-container\">\n\t\t\t\t\t\t\t\t\t<p>Choisissez un animal \u00e0 parrainer et recevez r\u00e9guli\u00e8rement des nouvelles de son \u00e9tat de sant\u00e9.<\/p>\t\t\t\t\t\t\t\t<\/div>\n\t\t\t\t<\/div>\n\t\t\t\t<div class=\"elementor-element elementor-element-13984a49 elementor-view-default elementor-widget elementor-widget-icon\" data-id=\"13984a49\" data-element_type=\"widget\" data-e-type=\"widget\" data-widget_type=\"icon.default\">\n\t\t\t\t<div class=\"elementor-widget-container\">\n\t\t\t\t\t\t\t<div class=\"elementor-icon-wrapper\">\n\t\t\t<a class=\"elementor-icon\" href=\"https:\/\/paneco.ch\/fr\/parrainage\/\">\n\t\t\t<svg xmlns=\"http:\/\/www.w3.org\/2000\/svg\" width=\"17\" height=\"15\" viewBox=\"0 0 17 15\"><path d=\"M15,7 L15,8 L-1.2246468e-16,8 L1.2246468e-16,7 L15,7 Z M8.0007122,0.712951816 L8.7040726,1.72448051e-16 L16.2914991,7.48535201 L8.7047848,15 L8,14.2884562 L14.8661309,7.48620379 L8.0007122,0.712951816 Z\"><\/path><\/svg>\t\t\t<\/a>\n\t\t<\/div>\n\t\t\t\t\t\t<\/div>\n\t\t\t\t<\/div>\n\t\t\t\t\t<\/div>\n\t\t<\/div>\n\t\t\t\t<div class=\"elementor-column elementor-col-20 elementor-top-column elementor-element elementor-element-984db35 elementor-hidden-mobile\" data-id=\"984db35\" data-element_type=\"column\" data-e-type=\"column\">\n\t\t\t<div class=\"elementor-widget-wrap\">\n\t\t\t\t\t\t\t<\/div>\n\t\t<\/div>\n\t\t\t\t<div class=\"elementor-column elementor-col-20 elementor-top-column elementor-element elementor-element-a5d4ec0\" data-id=\"a5d4ec0\" data-element_type=\"column\" data-e-type=\"column\">\n\t\t\t<div class=\"elementor-widget-wrap elementor-element-populated\">\n\t\t\t\t\t\t<div class=\"elementor-element elementor-element-9b1077b elementor-widget elementor-widget-image\" data-id=\"9b1077b\" data-element_type=\"widget\" data-e-type=\"widget\" data-widget_type=\"image.default\">\n\t\t\t\t<div class=\"elementor-widget-container\">\n\t\t\t\t\t\t\t\t\t\t\t\t\t\t\t\t<a href=\"https:\/\/paneco.ch\/fr\/faire-un-don\/\">\n\t\t\t\t\t\t\t<img decoding=\"async\" width=\"1125\" height=\"1500\" src=\"https:\/\/paneco.ch\/wp-content\/uploads\/2021\/11\/Header_Testamentspende_Orang-Utan_Maxime-Aliaga-17_hoch_BEARB2.jpg\" class=\"attachment-full size-full wp-image-21210\" alt=\"\" srcset=\"https:\/\/paneco.ch\/wp-content\/uploads\/2021\/11\/Header_Testamentspende_Orang-Utan_Maxime-Aliaga-17_hoch_BEARB2.jpg 1125w, https:\/\/paneco.ch\/wp-content\/uploads\/2021\/11\/Header_Testamentspende_Orang-Utan_Maxime-Aliaga-17_hoch_BEARB2-225x300.jpg 225w, https:\/\/paneco.ch\/wp-content\/uploads\/2021\/11\/Header_Testamentspende_Orang-Utan_Maxime-Aliaga-17_hoch_BEARB2-768x1024.jpg 768w, https:\/\/paneco.ch\/wp-content\/uploads\/2021\/11\/Header_Testamentspende_Orang-Utan_Maxime-Aliaga-17_hoch_BEARB2-300x400.jpg 300w\" sizes=\"(max-width: 1125px) 100vw, 1125px\" \/>\t\t\t\t\t\t\t\t<\/a>\n\t\t\t\t\t\t\t\t\t\t\t\t\t\t\t<\/div>\n\t\t\t\t<\/div>\n\t\t\t\t\t<\/div>\n\t\t<\/div>\n\t\t\t\t<div class=\"elementor-column elementor-col-20 elementor-top-column elementor-element elementor-element-007c8a0\" data-id=\"007c8a0\" data-element_type=\"column\" data-e-type=\"column\" data-settings=\"{&quot;background_background&quot;:&quot;classic&quot;}\">\n\t\t\t<div class=\"elementor-widget-wrap elementor-element-populated\">\n\t\t\t\t\t\t<div class=\"elementor-element elementor-element-8878b81 elementor-widget elementor-widget-heading\" data-id=\"8878b81\" data-element_type=\"widget\" data-e-type=\"widget\" data-widget_type=\"heading.default\">\n\t\t\t\t<div class=\"elementor-widget-container\">\n\t\t\t\t\t<div class=\"elementor-heading-title elementor-size-default\">Un don<\/div>\t\t\t\t<\/div>\n\t\t\t\t<\/div>\n\t\t\t\t<div class=\"elementor-element elementor-element-71513be elementor-widget elementor-widget-heading\" data-id=\"71513be\" data-element_type=\"widget\" data-e-type=\"widget\" data-widget_type=\"heading.default\">\n\t\t\t\t<div class=\"elementor-widget-container\">\n\t\t\t\t\t<h3 class=\"elementor-heading-title elementor-size-default\"><a href=\"https:\/\/paneco.ch\/fr\/faire-un-don\/\">Soutenir notre travail<\/a><\/h3>\t\t\t\t<\/div>\n\t\t\t\t<\/div>\n\t\t\t\t<div class=\"elementor-element elementor-element-f6c9ada elementor-widget elementor-widget-text-editor\" data-id=\"f6c9ada\" data-element_type=\"widget\" data-e-type=\"widget\" data-widget_type=\"text-editor.default\">\n\t\t\t\t<div class=\"elementor-widget-container\">\n\t\t\t\t\t\t\t\t\t<p>Faites un don pour les esp\u00e8ces menac\u00e9es et leurs habitats.<\/p>\t\t\t\t\t\t\t\t<\/div>\n\t\t\t\t<\/div>\n\t\t\t\t<div class=\"elementor-element elementor-element-0f4294b elementor-view-default elementor-widget elementor-widget-icon\" data-id=\"0f4294b\" data-element_type=\"widget\" data-e-type=\"widget\" data-widget_type=\"icon.default\">\n\t\t\t\t<div class=\"elementor-widget-container\">\n\t\t\t\t\t\t\t<div class=\"elementor-icon-wrapper\">\n\t\t\t<a class=\"elementor-icon\" href=\"https:\/\/paneco.ch\/fr\/faire-un-don\/\">\n\t\t\t<svg xmlns=\"http:\/\/www.w3.org\/2000\/svg\" width=\"17\" height=\"15\" viewBox=\"0 0 17 15\"><path d=\"M15,7 L15,8 L-1.2246468e-16,8 L1.2246468e-16,7 L15,7 Z M8.0007122,0.712951816 L8.7040726,1.72448051e-16 L16.2914991,7.48535201 L8.7047848,15 L8,14.2884562 L14.8661309,7.48620379 L8.0007122,0.712951816 Z\"><\/path><\/svg>\t\t\t<\/a>\n\t\t<\/div>\n\t\t\t\t\t\t<\/div>\n\t\t\t\t<\/div>\n\t\t\t\t\t<\/div>\n\t\t<\/div>\n\t\t\t\t\t<\/div>\n\t\t<\/section>\n\t\t\t\t<section class=\"elementor-section elementor-top-section elementor-element elementor-element-fdb8f8d elementor-section-boxed elementor-section-height-default elementor-section-height-default\" data-id=\"fdb8f8d\" data-element_type=\"section\" data-e-type=\"section\">\n\t\t\t\t\t\t<div class=\"elementor-container elementor-column-gap-default\">\n\t\t\t\t\t<div class=\"elementor-column elementor-col-100 elementor-top-column elementor-element elementor-element-13cfd0e\" data-id=\"13cfd0e\" data-element_type=\"column\" data-e-type=\"column\">\n\t\t\t<div class=\"elementor-widget-wrap elementor-element-populated\">\n\t\t\t\t\t\t<div class=\"elementor-element elementor-element-5b3b39a elementor-widget elementor-widget-image\" data-id=\"5b3b39a\" data-element_type=\"widget\" data-e-type=\"widget\" data-widget_type=\"image.default\">\n\t\t\t\t<div class=\"elementor-widget-container\">\n\t\t\t\t\t\t\t\t\t\t\t\t\t\t\t<img loading=\"lazy\" decoding=\"async\" width=\"493\" height=\"201\" src=\"https:\/\/paneco.ch\/wp-content\/uploads\/2022\/03\/Zweo_frz.jpg\" class=\"attachment-medium_large size-medium_large wp-image-27979\" alt=\"\" srcset=\"https:\/\/paneco.ch\/wp-content\/uploads\/2022\/03\/Zweo_frz.jpg 493w, https:\/\/paneco.ch\/wp-content\/uploads\/2022\/03\/Zweo_frz-300x122.jpg 300w\" sizes=\"(max-width: 493px) 100vw, 493px\" \/>\t\t\t\t\t\t\t\t\t\t\t\t\t\t\t<\/div>\n\t\t\t\t<\/div>\n\t\t\t\t\t<\/div>\n\t\t<\/div>\n\t\t\t\t\t<\/div>\n\t\t<\/section>\n\t\t\t\t<\/div>\n\t\t","protected":false},"excerpt":{"rendered":"<p>Mon don Gr\u00e2ce \u00e0 votre soutien, nous pouvons nous engager \u00e0 long terme en faveur des habitats et des esp\u00e8ces menac\u00e9s ainsi que de l&rsquo;\u00e9ducation \u00e0 l&rsquo;environnement. CHF 50.\u2013 CHF 80.\u2013 CHF 120.\u2013 CHF 200.\u2013 Montant libre CHF Un parrainage d\u2019un orang-outan Devenir parrain et marraine Choisissez un animal \u00e0 parrainer et recevez r\u00e9guli\u00e8rement des [&hellip;]<\/p>\n","protected":false},"author":1,"featured_media":0,"parent":0,"menu_order":51,"comment_status":"closed","ping_status":"closed","template":"","meta":{"site-sidebar-layout":"no-sidebar","site-content-layout":"page-builder","ast-site-content-layout":"default","site-content-style":"default","site-sidebar-style":"default","ast-global-header-display":"","ast-banner-title-visibility":"","ast-main-header-display":"","ast-hfb-above-header-display":"","ast-hfb-below-header-display":"","ast-hfb-mobile-header-display":"","site-post-title":"disabled","ast-breadcrumbs-content":"","ast-featured-img":"disabled","footer-sml-layout":"","ast-disable-related-posts":"","theme-transparent-header-meta":"default","adv-header-id-meta":"","stick-header-meta":"","header-above-stick-meta":"","header-main-stick-meta":"","header-below-stick-meta":"","astra-migrate-meta-layouts":"default","ast-page-background-enabled":"default","ast-page-background-meta":{"desktop":{"background-color":"var(--ast-global-color-4)","background-image":"","background-repeat":"repeat","background-position":"center center","background-size":"auto","background-attachment":"scroll","background-type":"","background-media":"","overlay-type":"","overlay-color":"","overlay-opacity":"","overlay-gradient":""},"tablet":{"background-color":"","background-image":"","background-repeat":"repeat","background-position":"center center","background-size":"auto","background-attachment":"scroll","background-type":"","background-media":"","overlay-type":"","overlay-color":"","overlay-opacity":"","overlay-gradient":""},"mobile":{"background-color":"","background-image":"","background-repeat":"repeat","background-position":"center center","background-size":"auto","background-attachment":"scroll","background-type":"","background-media":"","overlay-type":"","overlay-color":"","overlay-opacity":"","overlay-gradient":""}},"ast-content-background-meta":{"desktop":{"background-color":"var(--ast-global-color-5)","background-image":"","background-repeat":"repeat","background-position":"center center","background-size":"auto","background-attachment":"scroll","background-type":"","background-media":"","overlay-type":"","overlay-color":"","overlay-opacity":"","overlay-gradient":""},"tablet":{"background-color":"var(--ast-global-color-5)","background-image":"","background-repeat":"repeat","background-position":"center center","background-size":"auto","background-attachment":"scroll","background-type":"","background-media":"","overlay-type":"","overlay-color":"","overlay-opacity":"","overlay-gradient":""},"mobile":{"background-color":"var(--ast-global-color-5)","background-image":"","background-repeat":"repeat","background-position":"center center","background-size":"auto","background-attachment":"scroll","background-type":"","background-media":"","overlay-type":"","overlay-color":"","overlay-opacity":"","overlay-gradient":""}},"footnotes":""},"class_list":["post-25139","page","type-page","status-publish","hentry"],"_links":{"self":[{"href":"https:\/\/paneco.ch\/fr\/wp-json\/wp\/v2\/pages\/25139","targetHints":{"allow":["GET"]}}],"collection":[{"href":"https:\/\/paneco.ch\/fr\/wp-json\/wp\/v2\/pages"}],"about":[{"href":"https:\/\/paneco.ch\/fr\/wp-json\/wp\/v2\/types\/page"}],"author":[{"embeddable":true,"href":"https:\/\/paneco.ch\/fr\/wp-json\/wp\/v2\/users\/1"}],"replies":[{"embeddable":true,"href":"https:\/\/paneco.ch\/fr\/wp-json\/wp\/v2\/comments?post=25139"}],"version-history":[{"count":76,"href":"https:\/\/paneco.ch\/fr\/wp-json\/wp\/v2\/pages\/25139\/revisions"}],"predecessor-version":[{"id":28206,"href":"https:\/\/paneco.ch\/fr\/wp-json\/wp\/v2\/pages\/25139\/revisions\/28206"}],"wp:attachment":[{"href":"https:\/\/paneco.ch\/fr\/wp-json\/wp\/v2\/media?parent=25139"}],"curies":[{"name":"wp","href":"https:\/\/api.w.org\/{rel}","templated":true}]}}