{"id":26279,"date":"2021-11-20T10:35:19","date_gmt":"2021-11-20T10:35:19","guid":{"rendered":"https:\/\/paneco.ch\/?page_id=26279"},"modified":"2022-03-15T13:55:21","modified_gmt":"2022-03-15T13:55:21","slug":"site-et-contact","status":"publish","type":"page","link":"https:\/\/paneco.ch\/fr\/site-et-contact\/","title":{"rendered":"Site et contact"},"content":{"rendered":"\t\t<div data-elementor-type=\"wp-page\" data-elementor-id=\"26279\" class=\"elementor elementor-26279 elementor-2557\" data-elementor-post-type=\"page\">\n\t\t\t\t\t\t<section class=\"elementor-section elementor-top-section elementor-element elementor-element-47c3a4e0 elementor-section-boxed elementor-section-height-default elementor-section-height-default\" data-id=\"47c3a4e0\" data-element_type=\"section\" data-e-type=\"section\">\n\t\t\t\t\t\t<div class=\"elementor-container elementor-column-gap-no\">\n\t\t\t\t\t<div class=\"elementor-column elementor-col-50 elementor-top-column elementor-element elementor-element-54cfc8a0\" data-id=\"54cfc8a0\" data-element_type=\"column\" data-e-type=\"column\">\n\t\t\t<div class=\"elementor-widget-wrap elementor-element-populated\">\n\t\t\t\t\t\t<div class=\"elementor-element elementor-element-22627f76 elementor-widget elementor-widget-heading\" data-id=\"22627f76\" data-element_type=\"widget\" data-e-type=\"widget\" data-widget_type=\"heading.default\">\n\t\t\t\t<div class=\"elementor-widget-container\">\n\t\t\t\t\t<h1 class=\"elementor-heading-title elementor-size-default\">Site et contact <\/h1>\t\t\t\t<\/div>\n\t\t\t\t<\/div>\n\t\t\t\t\t<\/div>\n\t\t<\/div>\n\t\t\t\t<div class=\"elementor-column elementor-col-50 elementor-top-column elementor-element elementor-element-5177b08c\" data-id=\"5177b08c\" data-element_type=\"column\" data-e-type=\"column\">\n\t\t\t<div class=\"elementor-widget-wrap elementor-element-populated\">\n\t\t\t\t\t\t<div class=\"elementor-element elementor-element-475f2247 elementor-widget elementor-widget-text-editor\" data-id=\"475f2247\" data-element_type=\"widget\" data-e-type=\"widget\" data-widget_type=\"text-editor.default\">\n\t\t\t\t<div class=\"elementor-widget-container\">\n\t\t\t\t\t\t\t\t\t<p>Stiftung PanEco<br \/>Chileweg 5<br \/>8415 Berg am Irchel<\/p><p>+41 52 354 32 32<br \/><a href=\"mailto:info@paneco.ch\">info@paneco.ch<\/a><\/p>\t\t\t\t\t\t\t\t<\/div>\n\t\t\t\t<\/div>\n\t\t\t\t<div class=\"elementor-element elementor-element-283eed0 elementor-widget elementor-widget-button\" data-id=\"283eed0\" data-element_type=\"widget\" data-e-type=\"widget\" data-widget_type=\"button.default\">\n\t\t\t\t<div class=\"elementor-widget-container\">\n\t\t\t\t\t\t\t\t\t<div class=\"elementor-button-wrapper\">\n\t\t\t\t\t<a class=\"elementor-button elementor-button-link elementor-size-sm\" href=\"https:\/\/paneco.ch\/fr\/formulaire-de-contact\/\">\n\t\t\t\t\t\t<span class=\"elementor-button-content-wrapper\">\n\t\t\t\t\t\t\t\t\t<span class=\"elementor-button-text\">Formulaire de contact<\/span>\n\t\t\t\t\t<\/span>\n\t\t\t\t\t<\/a>\n\t\t\t\t<\/div>\n\t\t\t\t\t\t\t\t<\/div>\n\t\t\t\t<\/div>\n\t\t\t\t\t<\/div>\n\t\t<\/div>\n\t\t\t\t\t<\/div>\n\t\t<\/section>\n\t\t\t\t<section class=\"elementor-section elementor-top-section elementor-element elementor-element-6ddae5df elementor-section-boxed elementor-section-height-default elementor-section-height-default\" data-id=\"6ddae5df\" data-element_type=\"section\" data-e-type=\"section\">\n\t\t\t\t\t\t<div class=\"elementor-container elementor-column-gap-default\">\n\t\t\t\t\t<div class=\"elementor-column elementor-col-100 elementor-top-column elementor-element elementor-element-355f6d05\" data-id=\"355f6d05\" data-element_type=\"column\" data-e-type=\"column\">\n\t\t\t<div class=\"elementor-widget-wrap elementor-element-populated\">\n\t\t\t\t\t\t<div class=\"elementor-element elementor-element-4731181 elementor-widget elementor-widget-shortcode\" data-id=\"4731181\" data-element_type=\"widget\" data-e-type=\"widget\" data-widget_type=\"shortcode.default\">\n\t\t\t\t<div class=\"elementor-widget-container\">\n\t\t\t\t\t\t\t<div class=\"elementor-shortcode\">\t\t<div id=\"maps-marker-pro-8dad2dcf\" class=\"maps-marker-pro\" style=\"width: 100%;\">\n\t\t\t<div id=\"mmp-map-wrap-8dad2dcf\" class=\"mmp-map-wrap\">\n\t\t\t\t\t\t\t\t<div id=\"mmp-map-8dad2dcf\" class=\"mmp-map\" style=\"height: 600px;\"><\/div>\n\t\t\t\t\t\t\t<\/div>\n\t\t\t\t\t<\/div>\n\t\t<\/div>\n\t\t\t\t\t\t<\/div>\n\t\t\t\t<\/div>\n\t\t\t\t\t<\/div>\n\t\t<\/div>\n\t\t\t\t\t<\/div>\n\t\t<\/section>\n\t\t\t\t<section class=\"elementor-section elementor-top-section elementor-element elementor-element-b8d6608 elementor-section-boxed elementor-section-height-default elementor-section-height-default\" data-id=\"b8d6608\" data-element_type=\"section\" data-e-type=\"section\">\n\t\t\t\t\t\t<div class=\"elementor-container elementor-column-gap-no\">\n\t\t\t\t\t<div class=\"elementor-column elementor-col-33 elementor-top-column elementor-element elementor-element-0c96ac4\" data-id=\"0c96ac4\" data-element_type=\"column\" data-e-type=\"column\">\n\t\t\t<div class=\"elementor-widget-wrap elementor-element-populated\">\n\t\t\t\t\t\t<div class=\"elementor-element elementor-element-d4d482c elementor-widget elementor-widget-heading\" data-id=\"d4d482c\" data-element_type=\"widget\" data-e-type=\"widget\" data-widget_type=\"heading.default\">\n\t\t\t\t<div class=\"elementor-widget-container\">\n\t\t\t\t\t<h3 class=\"elementor-heading-title elementor-size-default\">Acc\u00e8s<\/h3>\t\t\t\t<\/div>\n\t\t\t\t<\/div>\n\t\t\t\t\t<\/div>\n\t\t<\/div>\n\t\t\t\t<div class=\"elementor-column elementor-col-33 elementor-top-column elementor-element elementor-element-00cdc1b\" data-id=\"00cdc1b\" data-element_type=\"column\" data-e-type=\"column\">\n\t\t\t<div class=\"elementor-widget-wrap\">\n\t\t\t\t\t\t\t<\/div>\n\t\t<\/div>\n\t\t\t\t<div class=\"elementor-column elementor-col-33 elementor-top-column elementor-element elementor-element-60ae996\" data-id=\"60ae996\" data-element_type=\"column\" data-e-type=\"column\">\n\t\t\t<div class=\"elementor-widget-wrap elementor-element-populated\">\n\t\t\t\t\t\t<section class=\"elementor-section elementor-inner-section elementor-element elementor-element-28da349 elementor-section-boxed elementor-section-height-default elementor-section-height-default\" data-id=\"28da349\" data-element_type=\"section\" data-e-type=\"section\">\n\t\t\t\t\t\t<div class=\"elementor-container elementor-column-gap-no\">\n\t\t\t\t\t<div class=\"elementor-column elementor-col-33 elementor-inner-column elementor-element elementor-element-d213113\" data-id=\"d213113\" data-element_type=\"column\" data-e-type=\"column\">\n\t\t\t<div class=\"elementor-widget-wrap elementor-element-populated\">\n\t\t\t\t\t\t<div class=\"elementor-element elementor-element-6ff7032 elementor-widget elementor-widget-text-editor\" data-id=\"6ff7032\" data-element_type=\"widget\" data-e-type=\"widget\" data-widget_type=\"text-editor.default\">\n\t\t\t\t<div class=\"elementor-widget-container\">\n\t\t\t\t\t\t\t\t\t<p><strong>Transports publics<\/strong><\/p><p>Le car postal (lignes 677 et 670) depuis Winterthour, Andelfingen ou Hettlingen s\u2019arr\u00eate \u00e0 Berg am Irchel (arr\u00eat du m\u00eame nom).<\/p><p><strong>En voiture<\/strong><\/p><p>On peut se garer sur des places de stationnement publiques le long de la Schlossgasse ou sur le parking central du village indiqu\u00e9 par des panneaux.<\/p>\t\t\t\t\t\t\t\t<\/div>\n\t\t\t\t<\/div>\n\t\t\t\t\t<\/div>\n\t\t<\/div>\n\t\t\t\t<div class=\"elementor-column elementor-col-33 elementor-inner-column elementor-element elementor-element-8854926\" data-id=\"8854926\" data-element_type=\"column\" data-e-type=\"column\">\n\t\t\t<div class=\"elementor-widget-wrap\">\n\t\t\t\t\t\t\t<\/div>\n\t\t<\/div>\n\t\t\t\t<div class=\"elementor-column elementor-col-33 elementor-inner-column elementor-element elementor-element-66b7990\" data-id=\"66b7990\" data-element_type=\"column\" data-e-type=\"column\">\n\t\t\t<div class=\"elementor-widget-wrap elementor-element-populated\">\n\t\t\t\t\t\t<div class=\"elementor-element elementor-element-c3552a5 elementor-widget elementor-widget-text-editor\" data-id=\"c3552a5\" data-element_type=\"widget\" data-e-type=\"widget\" data-widget_type=\"text-editor.default\">\n\t\t\t\t<div class=\"elementor-widget-container\">\n\t\t\t\t\t\t\t\t\t<p><strong>Attention<\/strong><\/p><p>Si vous saisissez l\u2019adresse de la fondation dans votre GPS, il vous conduira directement au secr\u00e9tariat. Ce n\u2019est pas vraiment un probl\u00e8me, mais il n\u2019y a pas de places de stationnement devant l\u2019immeuble du bureau. Conseil : saisissez \u00ab Schlossgasse, Berg am Irchel \u00bb dans votre GPS.\u00a0<\/p>\t\t\t\t\t\t\t\t<\/div>\n\t\t\t\t<\/div>\n\t\t\t\t\t<\/div>\n\t\t<\/div>\n\t\t\t\t\t<\/div>\n\t\t<\/section>\n\t\t\t\t\t<\/div>\n\t\t<\/div>\n\t\t\t\t\t<\/div>\n\t\t<\/section>\n\t\t\t\t<section class=\"elementor-section elementor-top-section elementor-element elementor-element-2f59947e elementor-section-boxed elementor-section-height-default elementor-section-height-default\" data-id=\"2f59947e\" data-element_type=\"section\" data-e-type=\"section\">\n\t\t\t\t\t\t<div class=\"elementor-container elementor-column-gap-no\">\n\t\t\t\t\t<div class=\"elementor-column elementor-col-33 elementor-top-column elementor-element elementor-element-713e08ff\" data-id=\"713e08ff\" data-element_type=\"column\" data-e-type=\"column\">\n\t\t\t<div class=\"elementor-widget-wrap elementor-element-populated\">\n\t\t\t\t\t\t<div class=\"elementor-element elementor-element-5a1cd6ff elementor-widget elementor-widget-image\" data-id=\"5a1cd6ff\" data-element_type=\"widget\" data-e-type=\"widget\" data-widget_type=\"image.default\">\n\t\t\t\t<div class=\"elementor-widget-container\">\n\t\t\t\t\t\t\t\t\t\t\t\t\t\t\t<img fetchpriority=\"high\" decoding=\"async\" width=\"1024\" height=\"683\" src=\"https:\/\/paneco.ch\/wp-content\/uploads\/2021\/11\/Geschaeftsstelle_PanEco-1024x683.jpg\" class=\"attachment-large size-large wp-image-20807\" alt=\"\" srcset=\"https:\/\/paneco.ch\/wp-content\/uploads\/2021\/11\/Geschaeftsstelle_PanEco-1024x683.jpg 1024w, https:\/\/paneco.ch\/wp-content\/uploads\/2021\/11\/Geschaeftsstelle_PanEco-300x200.jpg 300w, https:\/\/paneco.ch\/wp-content\/uploads\/2021\/11\/Geschaeftsstelle_PanEco-768x512.jpg 768w, https:\/\/paneco.ch\/wp-content\/uploads\/2021\/11\/Geschaeftsstelle_PanEco-391x260.jpg 391w, https:\/\/paneco.ch\/wp-content\/uploads\/2021\/11\/Geschaeftsstelle_PanEco-1536x1024.jpg 1536w, https:\/\/paneco.ch\/wp-content\/uploads\/2021\/11\/Geschaeftsstelle_PanEco-2048x1366.jpg 2048w\" sizes=\"(max-width: 1024px) 100vw, 1024px\" \/>\t\t\t\t\t\t\t\t\t\t\t\t\t\t\t<\/div>\n\t\t\t\t<\/div>\n\t\t\t\t\t<\/div>\n\t\t<\/div>\n\t\t\t\t<div class=\"elementor-column elementor-col-33 elementor-top-column elementor-element elementor-element-153944a6 elementor-hidden-mobile\" data-id=\"153944a6\" data-element_type=\"column\" data-e-type=\"column\">\n\t\t\t<div class=\"elementor-widget-wrap\">\n\t\t\t\t\t\t\t<\/div>\n\t\t<\/div>\n\t\t\t\t<div class=\"elementor-column elementor-col-33 elementor-top-column elementor-element elementor-element-4aadf37b\" data-id=\"4aadf37b\" data-element_type=\"column\" data-e-type=\"column\">\n\t\t\t<div class=\"elementor-widget-wrap elementor-element-populated\">\n\t\t\t\t\t\t<div class=\"elementor-element elementor-element-3d85656e elementor-widget elementor-widget-image\" data-id=\"3d85656e\" data-element_type=\"widget\" data-e-type=\"widget\" data-widget_type=\"image.default\">\n\t\t\t\t<div class=\"elementor-widget-container\">\n\t\t\t\t\t\t\t\t\t\t\t\t\t\t\t<img decoding=\"async\" width=\"768\" height=\"1024\" src=\"https:\/\/paneco.ch\/wp-content\/uploads\/2021\/11\/Geschaeftsstelle_PanEco_2_BEARB-768x1024.jpg\" class=\"attachment-large size-large wp-image-20810\" alt=\"\" srcset=\"https:\/\/paneco.ch\/wp-content\/uploads\/2021\/11\/Geschaeftsstelle_PanEco_2_BEARB-768x1024.jpg 768w, https:\/\/paneco.ch\/wp-content\/uploads\/2021\/11\/Geschaeftsstelle_PanEco_2_BEARB-225x300.jpg 225w, https:\/\/paneco.ch\/wp-content\/uploads\/2021\/11\/Geschaeftsstelle_PanEco_2_BEARB-300x400.jpg 300w, https:\/\/paneco.ch\/wp-content\/uploads\/2021\/11\/Geschaeftsstelle_PanEco_2_BEARB-1152x1536.jpg 1152w, https:\/\/paneco.ch\/wp-content\/uploads\/2021\/11\/Geschaeftsstelle_PanEco_2_BEARB-1536x2048.jpg 1536w, https:\/\/paneco.ch\/wp-content\/uploads\/2021\/11\/Geschaeftsstelle_PanEco_2_BEARB-scaled.jpg 1920w\" sizes=\"(max-width: 768px) 100vw, 768px\" \/>\t\t\t\t\t\t\t\t\t\t\t\t\t\t\t<\/div>\n\t\t\t\t<\/div>\n\t\t\t\t\t<\/div>\n\t\t<\/div>\n\t\t\t\t\t<\/div>\n\t\t<\/section>\n\t\t\t\t<\/div>\n\t\t","protected":false},"excerpt":{"rendered":"<p>Site et contact Stiftung PanEco Chileweg 5 8415 Berg am Irchel +41 52 354 32 32 info@paneco.ch Formulaire de contact Acc\u00e8s Transports publics Le car postal (lignes 677 et 670) depuis Winterthour, Andelfingen ou Hettlingen s\u2019arr\u00eate \u00e0 Berg am Irchel (arr\u00eat du m\u00eame nom). En voiture On peut se garer sur des places de stationnement [&hellip;]<\/p>\n","protected":false},"author":2,"featured_media":0,"parent":0,"menu_order":43,"comment_status":"closed","ping_status":"closed","template":"","meta":{"site-sidebar-layout":"no-sidebar","site-content-layout":"page-builder","ast-site-content-layout":"default","site-content-style":"default","site-sidebar-style":"default","ast-global-header-display":"","ast-banner-title-visibility":"","ast-main-header-display":"","ast-hfb-above-header-display":"","ast-hfb-below-header-display":"","ast-hfb-mobile-header-display":"","site-post-title":"disabled","ast-breadcrumbs-content":"","ast-featured-img":"disabled","footer-sml-layout":"","ast-disable-related-posts":"","theme-transparent-header-meta":"","adv-header-id-meta":"","stick-header-meta":"","header-above-stick-meta":"","header-main-stick-meta":"","header-below-stick-meta":"","astra-migrate-meta-layouts":"default","ast-page-background-enabled":"default","ast-page-background-meta":{"desktop":{"background-color":"var(--ast-global-color-4)","background-image":"","background-repeat":"repeat","background-position":"center center","background-size":"auto","background-attachment":"scroll","background-type":"","background-media":"","overlay-type":"","overlay-color":"","overlay-opacity":"","overlay-gradient":""},"tablet":{"background-color":"","background-image":"","background-repeat":"repeat","background-position":"center center","background-size":"auto","background-attachment":"scroll","background-type":"","background-media":"","overlay-type":"","overlay-color":"","overlay-opacity":"","overlay-gradient":""},"mobile":{"background-color":"","background-image":"","background-repeat":"repeat","background-position":"center center","background-size":"auto","background-attachment":"scroll","background-type":"","background-media":"","overlay-type":"","overlay-color":"","overlay-opacity":"","overlay-gradient":""}},"ast-content-background-meta":{"desktop":{"background-color":"var(--ast-global-color-5)","background-image":"","background-repeat":"repeat","background-position":"center center","background-size":"auto","background-attachment":"scroll","background-type":"","background-media":"","overlay-type":"","overlay-color":"","overlay-opacity":"","overlay-gradient":""},"tablet":{"background-color":"var(--ast-global-color-5)","background-image":"","background-repeat":"repeat","background-position":"center center","background-size":"auto","background-attachment":"scroll","background-type":"","background-media":"","overlay-type":"","overlay-color":"","overlay-opacity":"","overlay-gradient":""},"mobile":{"background-color":"var(--ast-global-color-5)","background-image":"","background-repeat":"repeat","background-position":"center center","background-size":"auto","background-attachment":"scroll","background-type":"","background-media":"","overlay-type":"","overlay-color":"","overlay-opacity":"","overlay-gradient":""}},"footnotes":""},"class_list":["post-26279","page","type-page","status-publish","hentry"],"_links":{"self":[{"href":"https:\/\/paneco.ch\/fr\/wp-json\/wp\/v2\/pages\/26279","targetHints":{"allow":["GET"]}}],"collection":[{"href":"https:\/\/paneco.ch\/fr\/wp-json\/wp\/v2\/pages"}],"about":[{"href":"https:\/\/paneco.ch\/fr\/wp-json\/wp\/v2\/types\/page"}],"author":[{"embeddable":true,"href":"https:\/\/paneco.ch\/fr\/wp-json\/wp\/v2\/users\/2"}],"replies":[{"embeddable":true,"href":"https:\/\/paneco.ch\/fr\/wp-json\/wp\/v2\/comments?post=26279"}],"version-history":[{"count":29,"href":"https:\/\/paneco.ch\/fr\/wp-json\/wp\/v2\/pages\/26279\/revisions"}],"predecessor-version":[{"id":28247,"href":"https:\/\/paneco.ch\/fr\/wp-json\/wp\/v2\/pages\/26279\/revisions\/28247"}],"wp:attachment":[{"href":"https:\/\/paneco.ch\/fr\/wp-json\/wp\/v2\/media?parent=26279"}],"curies":[{"name":"wp","href":"https:\/\/api.w.org\/{rel}","templated":true}]}}