{"id":27350,"date":"2021-11-26T18:24:40","date_gmt":"2021-11-26T18:24:40","guid":{"rendered":"https:\/\/paneco.ch\/?page_id=27350"},"modified":"2024-11-07T07:24:47","modified_gmt":"2024-11-07T07:24:47","slug":"parrainage","status":"publish","type":"page","link":"https:\/\/paneco.ch\/fr\/parrainage\/","title":{"rendered":"Parrainage"},"content":{"rendered":"\t\t<div data-elementor-type=\"wp-page\" data-elementor-id=\"27350\" class=\"elementor elementor-27350 elementor-21284\" data-elementor-post-type=\"page\">\n\t\t\t\t\t\t<section class=\"elementor-section elementor-top-section elementor-element elementor-element-1ea9eb40 elementor-section-stretched elementor-section-height-min-height elementor-section-boxed elementor-section-height-default elementor-section-items-middle\" data-id=\"1ea9eb40\" data-element_type=\"section\" data-e-type=\"section\" data-settings=\"{&quot;stretch_section&quot;:&quot;section-stretched&quot;,&quot;background_background&quot;:&quot;classic&quot;}\">\n\t\t\t\t\t\t<div class=\"elementor-container elementor-column-gap-no\">\n\t\t\t\t\t<div class=\"elementor-column elementor-col-50 elementor-top-column elementor-element elementor-element-6d427da4\" data-id=\"6d427da4\" data-element_type=\"column\" data-e-type=\"column\">\n\t\t\t<div class=\"elementor-widget-wrap elementor-element-populated\">\n\t\t\t\t\t\t<div class=\"elementor-element elementor-element-60a1e781 elementor-hidden-desktop elementor-hidden-laptop elementor-hidden-tablet elementor-widget elementor-widget-image\" data-id=\"60a1e781\" data-element_type=\"widget\" data-e-type=\"widget\" data-widget_type=\"image.default\">\n\t\t\t\t<div class=\"elementor-widget-container\">\n\t\t\t\t\t\t\t\t\t\t\t\t\t\t\t<img fetchpriority=\"high\" decoding=\"async\" width=\"768\" height=\"454\" src=\"https:\/\/paneco.ch\/wp-content\/uploads\/2021\/11\/20191019_KikeArnal_Arcus_Sumatra_OrangutanQuarantineCentre_0835_BEARB-768x454.jpg\" class=\"attachment-medium_large size-medium_large wp-image-21321\" alt=\"\" srcset=\"https:\/\/paneco.ch\/wp-content\/uploads\/2021\/11\/20191019_KikeArnal_Arcus_Sumatra_OrangutanQuarantineCentre_0835_BEARB-768x454.jpg 768w, https:\/\/paneco.ch\/wp-content\/uploads\/2021\/11\/20191019_KikeArnal_Arcus_Sumatra_OrangutanQuarantineCentre_0835_BEARB-300x178.jpg 300w, https:\/\/paneco.ch\/wp-content\/uploads\/2021\/11\/20191019_KikeArnal_Arcus_Sumatra_OrangutanQuarantineCentre_0835_BEARB-1024x606.jpg 1024w, https:\/\/paneco.ch\/wp-content\/uploads\/2021\/11\/20191019_KikeArnal_Arcus_Sumatra_OrangutanQuarantineCentre_0835_BEARB-1536x909.jpg 1536w, https:\/\/paneco.ch\/wp-content\/uploads\/2021\/11\/20191019_KikeArnal_Arcus_Sumatra_OrangutanQuarantineCentre_0835_BEARB-2048x1212.jpg 2048w\" sizes=\"(max-width: 768px) 100vw, 768px\" \/>\t\t\t\t\t\t\t\t\t\t\t\t\t\t\t<\/div>\n\t\t\t\t<\/div>\n\t\t\t\t\t<\/div>\n\t\t<\/div>\n\t\t\t\t<div class=\"elementor-column elementor-col-50 elementor-top-column elementor-element elementor-element-10046e12\" data-id=\"10046e12\" data-element_type=\"column\" data-e-type=\"column\">\n\t\t\t<div class=\"elementor-widget-wrap elementor-element-populated\">\n\t\t\t\t\t\t<section class=\"elementor-section elementor-inner-section elementor-element elementor-element-67f56f1 elementor-section-boxed elementor-section-height-default elementor-section-height-default\" data-id=\"67f56f1\" data-element_type=\"section\" data-e-type=\"section\" data-settings=\"{&quot;background_background&quot;:&quot;classic&quot;,&quot;motion_fx_motion_fx_scrolling&quot;:&quot;yes&quot;,&quot;motion_fx_devices&quot;:[&quot;desktop&quot;,&quot;laptop&quot;,&quot;tablet&quot;,&quot;mobile&quot;]}\">\n\t\t\t\t\t\t<div class=\"elementor-container elementor-column-gap-no\">\n\t\t\t\t\t<div class=\"elementor-column elementor-col-100 elementor-inner-column elementor-element elementor-element-4f302e6a\" data-id=\"4f302e6a\" data-element_type=\"column\" data-e-type=\"column\">\n\t\t\t<div class=\"elementor-widget-wrap elementor-element-populated\">\n\t\t\t\t\t\t<div class=\"elementor-element elementor-element-35f0ac68 elementor-widget elementor-widget-heading\" data-id=\"35f0ac68\" data-element_type=\"widget\" data-e-type=\"widget\" data-widget_type=\"heading.default\">\n\t\t\t\t<div class=\"elementor-widget-container\">\n\t\t\t\t\t<h1 class=\"elementor-heading-title elementor-size-default\">Parrainage de l'orang-outan Brenda<\/h1>\t\t\t\t<\/div>\n\t\t\t\t<\/div>\n\t\t\t\t<div class=\"elementor-element elementor-element-6a41fbea elementor-widget elementor-widget-text-editor\" data-id=\"6a41fbea\" data-element_type=\"widget\" data-e-type=\"widget\" data-widget_type=\"text-editor.default\">\n\t\t\t\t<div class=\"elementor-widget-container\">\n\t\t\t\t\t\t\t\t\t<p>Vous souhaitez parrainer un orang-outan\u00a0? Chez nous, c\u2019est possible\u00a0!<\/p>\t\t\t\t\t\t\t\t<\/div>\n\t\t\t\t<\/div>\n\t\t\t\t\t<\/div>\n\t\t<\/div>\n\t\t\t\t\t<\/div>\n\t\t<\/section>\n\t\t\t\t\t<\/div>\n\t\t<\/div>\n\t\t\t\t\t<\/div>\n\t\t<\/section>\n\t\t\t\t<section class=\"elementor-section elementor-top-section elementor-element elementor-element-51ca7129 elementor-reverse-mobile elementor-section-boxed elementor-section-height-default elementor-section-height-default\" data-id=\"51ca7129\" data-element_type=\"section\" data-e-type=\"section\">\n\t\t\t\t\t\t<div class=\"elementor-container elementor-column-gap-no\">\n\t\t\t\t\t<div class=\"elementor-column elementor-col-33 elementor-top-column elementor-element elementor-element-7a91d2e9\" data-id=\"7a91d2e9\" data-element_type=\"column\" data-e-type=\"column\">\n\t\t\t<div class=\"elementor-widget-wrap elementor-element-populated\">\n\t\t\t\t\t\t<div class=\"elementor-element elementor-element-12f5dbe5 elementor-widget elementor-widget-text-editor\" data-id=\"12f5dbe5\" data-element_type=\"widget\" data-e-type=\"widget\" data-widget_type=\"text-editor.default\">\n\t\t\t\t<div class=\"elementor-widget-container\">\n\t\t\t\t\t\t\t\t\t<p>Avec le parrainage d\u2019un orang-outan, vous soutenez notre travail pour la protection des orangs-outans menac\u00e9s de disparition \u00e0 Sumatra et de leur habitat, la for\u00eat tropicale. Faites la connaissance de Brenda, notre orang-outan du centre d\u2019accueil et de soins dont vous pouvez devenir le parrain ou la marraine !<\/p>\t\t\t\t\t\t\t\t<\/div>\n\t\t\t\t<\/div>\n\t\t\t\t<section class=\"elementor-section elementor-inner-section elementor-element elementor-element-ffafa7c elementor-section-boxed elementor-section-height-default elementor-section-height-default\" data-id=\"ffafa7c\" data-element_type=\"section\" data-e-type=\"section\">\n\t\t\t\t\t\t<div class=\"elementor-container elementor-column-gap-no\">\n\t\t\t\t\t<div class=\"elementor-column elementor-col-33 elementor-inner-column elementor-element elementor-element-fafc8d1\" data-id=\"fafc8d1\" data-element_type=\"column\" data-e-type=\"column\">\n\t\t\t<div class=\"elementor-widget-wrap elementor-element-populated\">\n\t\t\t\t\t\t<div class=\"elementor-element elementor-element-3ba19a7 elementor-widget elementor-widget-image\" data-id=\"3ba19a7\" data-element_type=\"widget\" data-e-type=\"widget\" data-widget_type=\"image.default\">\n\t\t\t\t<div class=\"elementor-widget-container\">\n\t\t\t\t\t\t\t\t\t\t\t\t\t\t\t<img decoding=\"async\" width=\"768\" height=\"1024\" src=\"https:\/\/paneco.ch\/wp-content\/uploads\/2021\/11\/Brenda_BEARB-768x1024.jpg\" class=\"attachment-large size-large wp-image-21346\" alt=\"\" srcset=\"https:\/\/paneco.ch\/wp-content\/uploads\/2021\/11\/Brenda_BEARB-768x1023.jpg 768w, https:\/\/paneco.ch\/wp-content\/uploads\/2021\/11\/Brenda_BEARB-225x300.jpg 225w, https:\/\/paneco.ch\/wp-content\/uploads\/2021\/11\/Brenda_BEARB-300x400.jpg 300w, https:\/\/paneco.ch\/wp-content\/uploads\/2021\/11\/Brenda_BEARB-1153x1536.jpg 1153w, https:\/\/paneco.ch\/wp-content\/uploads\/2021\/11\/Brenda_BEARB.jpg 1164w\" sizes=\"(max-width: 768px) 100vw, 768px\" \/>\t\t\t\t\t\t\t\t\t\t\t\t\t\t\t<\/div>\n\t\t\t\t<\/div>\n\t\t\t\t\t<\/div>\n\t\t<\/div>\n\t\t\t\t<div class=\"elementor-column elementor-col-33 elementor-inner-column elementor-element elementor-element-e2da103\" data-id=\"e2da103\" data-element_type=\"column\" data-e-type=\"column\">\n\t\t\t<div class=\"elementor-widget-wrap\">\n\t\t\t\t\t\t\t<\/div>\n\t\t<\/div>\n\t\t\t\t<div class=\"elementor-column elementor-col-33 elementor-inner-column elementor-element elementor-element-ab5c160\" data-id=\"ab5c160\" data-element_type=\"column\" data-e-type=\"column\">\n\t\t\t<div class=\"elementor-widget-wrap elementor-element-populated\">\n\t\t\t\t\t\t<div class=\"elementor-element elementor-element-e9c9e91 elementor-widget elementor-widget-text-editor\" data-id=\"e9c9e91\" data-element_type=\"widget\" data-e-type=\"widget\" data-widget_type=\"text-editor.default\">\n\t\t\t\t<div class=\"elementor-widget-container\">\n\t\t\t\t\t\t\t\t\t<p><strong>Brenda<\/strong><\/p><p>\u00c2g\u00e9e de 4 mois \u00e0 peine, la petite Brenda est arriv\u00e9e au centre avec un bras cass\u00e9. Elle a imm\u00e9diatement \u00e9t\u00e9 op\u00e9r\u00e9e. \u00c0 la surprise g\u00e9n\u00e9rale, Brenda a tr\u00e8s vite \u00e0 nouveau pu utiliser son bras. Elle a encore un long chemin \u00e0 parcourir avant de pouvoir \u00eatre remise en libert\u00e9.<\/p>\t\t\t\t\t\t\t\t<\/div>\n\t\t\t\t<\/div>\n\t\t\t\t\t<\/div>\n\t\t<\/div>\n\t\t\t\t\t<\/div>\n\t\t<\/section>\n\t\t\t\t\t<\/div>\n\t\t<\/div>\n\t\t\t\t<div class=\"elementor-column elementor-col-33 elementor-top-column elementor-element elementor-element-29ad3d27 elementor-hidden-mobile\" data-id=\"29ad3d27\" data-element_type=\"column\" data-e-type=\"column\">\n\t\t\t<div class=\"elementor-widget-wrap\">\n\t\t\t\t\t\t\t<\/div>\n\t\t<\/div>\n\t\t\t\t<div class=\"elementor-column elementor-col-33 elementor-top-column elementor-element elementor-element-4aa1981a\" data-id=\"4aa1981a\" data-element_type=\"column\" data-e-type=\"column\">\n\t\t\t<div class=\"elementor-widget-wrap elementor-element-populated\">\n\t\t\t\t\t\t<div class=\"elementor-element elementor-element-18590293 elementor-widget elementor-widget-image\" data-id=\"18590293\" data-element_type=\"widget\" data-e-type=\"widget\" data-widget_type=\"image.default\">\n\t\t\t\t<div class=\"elementor-widget-container\">\n\t\t\t\t\t\t\t\t\t\t\t\t\t\t\t<img decoding=\"async\" width=\"685\" height=\"750\" src=\"https:\/\/paneco.ch\/wp-content\/uploads\/2021\/12\/Sektions_Bild_Orangutan-Patenschaft_zugeschnitten.jpg\" class=\"attachment-large size-large wp-image-25129\" alt=\"\" srcset=\"https:\/\/paneco.ch\/wp-content\/uploads\/2021\/12\/Sektions_Bild_Orangutan-Patenschaft_zugeschnitten.jpg 685w, https:\/\/paneco.ch\/wp-content\/uploads\/2021\/12\/Sektions_Bild_Orangutan-Patenschaft_zugeschnitten-274x300.jpg 274w\" sizes=\"(max-width: 685px) 100vw, 685px\" \/>\t\t\t\t\t\t\t\t\t\t\t\t\t\t\t<\/div>\n\t\t\t\t<\/div>\n\t\t\t\t\t<\/div>\n\t\t<\/div>\n\t\t\t\t\t<\/div>\n\t\t<\/section>\n\t\t\t\t<section class=\"elementor-section elementor-top-section elementor-element elementor-element-3cd0bba9 elementor-section-boxed elementor-section-height-default elementor-section-height-default\" data-id=\"3cd0bba9\" data-element_type=\"section\" data-e-type=\"section\">\n\t\t\t\t\t\t<div class=\"elementor-container elementor-column-gap-no\">\n\t\t\t\t\t<div class=\"elementor-column elementor-col-33 elementor-top-column elementor-element elementor-element-11625140\" data-id=\"11625140\" data-element_type=\"column\" data-e-type=\"column\">\n\t\t\t<div class=\"elementor-widget-wrap elementor-element-populated\">\n\t\t\t\t\t\t<div class=\"elementor-element elementor-element-1ef602ef elementor-widget elementor-widget-heading\" data-id=\"1ef602ef\" data-element_type=\"widget\" data-e-type=\"widget\" data-widget_type=\"heading.default\">\n\t\t\t\t<div class=\"elementor-widget-container\">\n\t\t\t\t\t<h3 class=\"elementor-heading-title elementor-size-default\">Votre parrainage d\u2019un orang-outan dans notre centre d\u2019accueil et de soins<\/h3>\t\t\t\t<\/div>\n\t\t\t\t<\/div>\n\t\t\t\t\t<\/div>\n\t\t<\/div>\n\t\t\t\t<div class=\"elementor-column elementor-col-33 elementor-top-column elementor-element elementor-element-12ea4a0c\" data-id=\"12ea4a0c\" data-element_type=\"column\" data-e-type=\"column\">\n\t\t\t<div class=\"elementor-widget-wrap\">\n\t\t\t\t\t\t\t<\/div>\n\t\t<\/div>\n\t\t\t\t<div class=\"elementor-column elementor-col-33 elementor-top-column elementor-element elementor-element-58d77055\" data-id=\"58d77055\" data-element_type=\"column\" data-e-type=\"column\">\n\t\t\t<div class=\"elementor-widget-wrap elementor-element-populated\">\n\t\t\t\t\t\t<section class=\"elementor-section elementor-inner-section elementor-element elementor-element-f5ab105 elementor-section-boxed elementor-section-height-default elementor-section-height-default\" data-id=\"f5ab105\" data-element_type=\"section\" data-e-type=\"section\">\n\t\t\t\t\t\t<div class=\"elementor-container elementor-column-gap-no\">\n\t\t\t\t\t<div class=\"elementor-column elementor-col-33 elementor-inner-column elementor-element elementor-element-743eef77\" data-id=\"743eef77\" data-element_type=\"column\" data-e-type=\"column\">\n\t\t\t<div class=\"elementor-widget-wrap elementor-element-populated\">\n\t\t\t\t\t\t<div class=\"elementor-element elementor-element-6b8d28d9 list-minus elementor-widget elementor-widget-text-editor\" data-id=\"6b8d28d9\" data-element_type=\"widget\" data-e-type=\"widget\" data-widget_type=\"text-editor.default\">\n\t\t\t\t<div class=\"elementor-widget-container\">\n\t\t\t\t\t\t\t\t\t<p><strong>Ce que comprend un parrainage<\/strong><\/p><p>En assumant un parrainage, vous recevez :<\/p><ul><li>un certificat<\/li><li>la biographie de Brenda, avec photo<\/li><li>des rapports sur les progr\u00e8s de Brenda(1 \u00e0 2 fois par an)<\/li><li>une attestation de dons pour les services fiscaux<\/li><\/ul>\t\t\t\t\t\t\t\t<\/div>\n\t\t\t\t<\/div>\n\t\t\t\t<div class=\"elementor-element elementor-element-e6374e2 list-minus elementor-widget elementor-widget-text-editor\" data-id=\"e6374e2\" data-element_type=\"widget\" data-e-type=\"widget\" data-widget_type=\"text-editor.default\">\n\t\t\t\t<div class=\"elementor-widget-container\">\n\t\t\t\t\t\t\t\t\t<p><strong><b>Ce que co\u00fbte un parrainage<\/b><\/strong><\/p><p>Avec un montant mensuel d\u2019au moins 25,\u2013 CHF (ou un montant annuel d\u2019au moins 300,\u2013 CHF), vous soutenez Brenda et l\u2019ensemble du centre d\u2019accueil et de soins, le Orangutan Haven, ainsi que la station de r\u00e9introduction dans la nature \u00e0 Sumatra.<\/p>\t\t\t\t\t\t\t\t<\/div>\n\t\t\t\t<\/div>\n\t\t\t\t\t<\/div>\n\t\t<\/div>\n\t\t\t\t<div class=\"elementor-column elementor-col-33 elementor-inner-column elementor-element elementor-element-77f9162d elementor-hidden-mobile\" data-id=\"77f9162d\" data-element_type=\"column\" data-e-type=\"column\">\n\t\t\t<div class=\"elementor-widget-wrap\">\n\t\t\t\t\t\t\t<\/div>\n\t\t<\/div>\n\t\t\t\t<div class=\"elementor-column elementor-col-33 elementor-inner-column elementor-element elementor-element-559e4f08\" data-id=\"559e4f08\" data-element_type=\"column\" data-e-type=\"column\">\n\t\t\t<div class=\"elementor-widget-wrap elementor-element-populated\">\n\t\t\t\t\t\t<div class=\"elementor-element elementor-element-d50f6d5 list-minus elementor-widget elementor-widget-text-editor\" data-id=\"d50f6d5\" data-element_type=\"widget\" data-e-type=\"widget\" data-widget_type=\"text-editor.default\">\n\t\t\t\t<div class=\"elementor-widget-container\">\n\t\t\t\t\t\t\t\t\t<p><strong>Faire cadeau d\u2019un parrainage<\/strong><\/p><p>Moyennant un petit suppl\u00e9ment de 30,\u2013 CHF, nous vous enverrons volontiers \u00e0 vous-m\u00eame, ou directement \u00e0 la personne destinataire, un paquet-cadeau de parrainage. Il contient la biographie de Brenda, le certificat de parrainage et un cadeau de votre choix. Veuillez indiquer l\u2019un des cadeaux ci-apr\u00e8s dans la case de texte lors de votre inscription :<\/p><ul><li>orang-outan en peluche<\/li><li>photo encadr\u00e9e de Brenda (21 x 27 cm)<\/li><li>livre pour enfants en allemand \u00ab Ginting und Ganteng \u00bb (auteure : Regina Frey, fondatrice de la fondation)<\/li><\/ul>\t\t\t\t\t\t\t\t<\/div>\n\t\t\t\t<\/div>\n\t\t\t\t\t<\/div>\n\t\t<\/div>\n\t\t\t\t\t<\/div>\n\t\t<\/section>\n\t\t\t\t<div class=\"elementor-element elementor-element-783c330 elementor-widget elementor-widget-button\" data-id=\"783c330\" data-element_type=\"widget\" data-e-type=\"widget\" data-widget_type=\"button.default\">\n\t\t\t\t<div class=\"elementor-widget-container\">\n\t\t\t\t\t\t\t\t\t<div class=\"elementor-button-wrapper\">\n\t\t\t\t\t<a class=\"elementor-button elementor-button-link elementor-size-lg\" href=\"https:\/\/paneco.ch\/fr\/?page_id=27393\">\n\t\t\t\t\t\t<span class=\"elementor-button-content-wrapper\">\n\t\t\t\t\t\t\t\t\t<span class=\"elementor-button-text\">Oui, j\u2019assume un parrainage pour l'orang-outan Brenda<\/span>\n\t\t\t\t\t<\/span>\n\t\t\t\t\t<\/a>\n\t\t\t\t<\/div>\n\t\t\t\t\t\t\t\t<\/div>\n\t\t\t\t<\/div>\n\t\t\t\t\t<\/div>\n\t\t<\/div>\n\t\t\t\t\t<\/div>\n\t\t<\/section>\n\t\t\t\t<section class=\"elementor-section elementor-top-section elementor-element elementor-element-64a93af1 elementor-section-boxed elementor-section-height-default elementor-section-height-default\" data-id=\"64a93af1\" data-element_type=\"section\" data-e-type=\"section\">\n\t\t\t\t\t\t<div class=\"elementor-container elementor-column-gap-no\">\n\t\t\t\t\t<div class=\"elementor-column elementor-col-33 elementor-top-column elementor-element elementor-element-15608633\" data-id=\"15608633\" data-element_type=\"column\" data-e-type=\"column\">\n\t\t\t<div class=\"elementor-widget-wrap\">\n\t\t\t\t\t\t\t<\/div>\n\t\t<\/div>\n\t\t\t\t<div class=\"elementor-column elementor-col-33 elementor-top-column elementor-element elementor-element-7bc0d1e3\" data-id=\"7bc0d1e3\" data-element_type=\"column\" data-e-type=\"column\">\n\t\t\t<div class=\"elementor-widget-wrap elementor-element-populated\">\n\t\t\t\t\t\t<section class=\"elementor-section elementor-inner-section elementor-element elementor-element-17a2d618 elementor-section-boxed elementor-section-height-default elementor-section-height-default\" data-id=\"17a2d618\" data-element_type=\"section\" data-e-type=\"section\">\n\t\t\t\t\t\t<div class=\"elementor-container elementor-column-gap-no\">\n\t\t\t\t\t<div class=\"elementor-column elementor-col-33 elementor-inner-column elementor-element elementor-element-402ecba4\" data-id=\"402ecba4\" data-element_type=\"column\" data-e-type=\"column\" data-settings=\"{&quot;background_background&quot;:&quot;classic&quot;}\">\n\t\t\t<div class=\"elementor-widget-wrap elementor-element-populated\">\n\t\t\t\t\t\t<div class=\"elementor-element elementor-element-432c5160 elementor-widget elementor-widget-image\" data-id=\"432c5160\" data-element_type=\"widget\" data-e-type=\"widget\" data-widget_type=\"image.default\">\n\t\t\t\t<div class=\"elementor-widget-container\">\n\t\t\t\t\t\t\t\t\t\t\t\t\t\t\t<img loading=\"lazy\" decoding=\"async\" width=\"698\" height=\"750\" src=\"https:\/\/paneco.ch\/wp-content\/uploads\/2022\/04\/Testimonial_Bild_Silvia-Heider_zugschn-1.jpg\" class=\"attachment-large size-large wp-image-29327\" alt=\"\" srcset=\"https:\/\/paneco.ch\/wp-content\/uploads\/2022\/04\/Testimonial_Bild_Silvia-Heider_zugschn-1.jpg 698w, https:\/\/paneco.ch\/wp-content\/uploads\/2022\/04\/Testimonial_Bild_Silvia-Heider_zugschn-1-279x300.jpg 279w\" sizes=\"(max-width: 698px) 100vw, 698px\" \/>\t\t\t\t\t\t\t\t\t\t\t\t\t\t\t<\/div>\n\t\t\t\t<\/div>\n\t\t\t\t\t<\/div>\n\t\t<\/div>\n\t\t\t\t<div class=\"elementor-column elementor-col-33 elementor-inner-column elementor-element elementor-element-a0b9cd2 elementor-hidden-mobile\" data-id=\"a0b9cd2\" data-element_type=\"column\" data-e-type=\"column\">\n\t\t\t<div class=\"elementor-widget-wrap\">\n\t\t\t\t\t\t\t<\/div>\n\t\t<\/div>\n\t\t\t\t<div class=\"elementor-column elementor-col-33 elementor-inner-column elementor-element elementor-element-56ced453\" data-id=\"56ced453\" data-element_type=\"column\" data-e-type=\"column\" data-settings=\"{&quot;background_background&quot;:&quot;classic&quot;}\">\n\t\t\t<div class=\"elementor-widget-wrap elementor-element-populated\">\n\t\t\t\t\t\t<div class=\"elementor-element elementor-element-509caf1e elementor-widget elementor-widget-heading\" data-id=\"509caf1e\" data-element_type=\"widget\" data-e-type=\"widget\" data-widget_type=\"heading.default\">\n\t\t\t\t<div class=\"elementor-widget-container\">\n\t\t\t\t\t<div class=\"elementor-heading-title elementor-size-default\">\u00abRecevoir des rapports de mon animal de parrainage me rend heureuse. C'est g\u00e9nial d'avoir des nouvelles des progr\u00e8s de mon orang-outan ! Ces petits dons constants, dont on sait comment ils sont utilis\u00e9s, comptent.\u00bb<\/div>\t\t\t\t<\/div>\n\t\t\t\t<\/div>\n\t\t\t\t<div class=\"elementor-element elementor-element-271b317 elementor-widget elementor-widget-heading\" data-id=\"271b317\" data-element_type=\"widget\" data-e-type=\"widget\" data-widget_type=\"heading.default\">\n\t\t\t\t<div class=\"elementor-widget-container\">\n\t\t\t\t\t<h2 class=\"elementor-heading-title elementor-size-default\">Sylvia Heider<\/h2>\t\t\t\t<\/div>\n\t\t\t\t<\/div>\n\t\t\t\t<div class=\"elementor-element elementor-element-3bf0151a elementor-widget elementor-widget-heading\" data-id=\"3bf0151a\" data-element_type=\"widget\" data-e-type=\"widget\" data-widget_type=\"heading.default\">\n\t\t\t\t<div class=\"elementor-widget-container\">\n\t\t\t\t\t<h2 class=\"elementor-heading-title elementor-size-default\">Marraine de l'orang-outan<\/h2>\t\t\t\t<\/div>\n\t\t\t\t<\/div>\n\t\t\t\t\t<\/div>\n\t\t<\/div>\n\t\t\t\t\t<\/div>\n\t\t<\/section>\n\t\t\t\t\t<\/div>\n\t\t<\/div>\n\t\t\t\t<div class=\"elementor-column elementor-col-33 elementor-top-column elementor-element elementor-element-3f3e515\" data-id=\"3f3e515\" data-element_type=\"column\" data-e-type=\"column\">\n\t\t\t<div class=\"elementor-widget-wrap\">\n\t\t\t\t\t\t\t<\/div>\n\t\t<\/div>\n\t\t\t\t\t<\/div>\n\t\t<\/section>\n\t\t\t\t<\/div>\n\t\t","protected":false},"excerpt":{"rendered":"<p>Parrainage de l&rsquo;orang-outan Brenda Vous souhaitez parrainer un orang-outan\u00a0? Chez nous, c\u2019est possible\u00a0! Avec le parrainage d\u2019un orang-outan, vous soutenez notre travail pour la protection des orangs-outans menac\u00e9s de disparition \u00e0 Sumatra et de leur habitat, la for\u00eat tropicale. Faites la connaissance de Brenda, notre orang-outan du centre d\u2019accueil et de soins dont vous pouvez [&hellip;]<\/p>\n","protected":false},"author":2,"featured_media":0,"parent":0,"menu_order":17,"comment_status":"closed","ping_status":"closed","template":"","meta":{"site-sidebar-layout":"no-sidebar","site-content-layout":"page-builder","ast-site-content-layout":"default","site-content-style":"default","site-sidebar-style":"default","ast-global-header-display":"","ast-banner-title-visibility":"","ast-main-header-display":"","ast-hfb-above-header-display":"","ast-hfb-below-header-display":"","ast-hfb-mobile-header-display":"","site-post-title":"","ast-breadcrumbs-content":"","ast-featured-img":"disabled","footer-sml-layout":"","ast-disable-related-posts":"","theme-transparent-header-meta":"","adv-header-id-meta":"","stick-header-meta":"","header-above-stick-meta":"","header-main-stick-meta":"","header-below-stick-meta":"","astra-migrate-meta-layouts":"default","ast-page-background-enabled":"default","ast-page-background-meta":{"desktop":{"background-color":"var(--ast-global-color-4)","background-image":"","background-repeat":"repeat","background-position":"center center","background-size":"auto","background-attachment":"scroll","background-type":"","background-media":"","overlay-type":"","overlay-color":"","overlay-opacity":"","overlay-gradient":""},"tablet":{"background-color":"","background-image":"","background-repeat":"repeat","background-position":"center center","background-size":"auto","background-attachment":"scroll","background-type":"","background-media":"","overlay-type":"","overlay-color":"","overlay-opacity":"","overlay-gradient":""},"mobile":{"background-color":"","background-image":"","background-repeat":"repeat","background-position":"center center","background-size":"auto","background-attachment":"scroll","background-type":"","background-media":"","overlay-type":"","overlay-color":"","overlay-opacity":"","overlay-gradient":""}},"ast-content-background-meta":{"desktop":{"background-color":"var(--ast-global-color-5)","background-image":"","background-repeat":"repeat","background-position":"center center","background-size":"auto","background-attachment":"scroll","background-type":"","background-media":"","overlay-type":"","overlay-color":"","overlay-opacity":"","overlay-gradient":""},"tablet":{"background-color":"var(--ast-global-color-5)","background-image":"","background-repeat":"repeat","background-position":"center center","background-size":"auto","background-attachment":"scroll","background-type":"","background-media":"","overlay-type":"","overlay-color":"","overlay-opacity":"","overlay-gradient":""},"mobile":{"background-color":"var(--ast-global-color-5)","background-image":"","background-repeat":"repeat","background-position":"center center","background-size":"auto","background-attachment":"scroll","background-type":"","background-media":"","overlay-type":"","overlay-color":"","overlay-opacity":"","overlay-gradient":""}},"footnotes":""},"class_list":["post-27350","page","type-page","status-publish","hentry"],"_links":{"self":[{"href":"https:\/\/paneco.ch\/fr\/wp-json\/wp\/v2\/pages\/27350","targetHints":{"allow":["GET"]}}],"collection":[{"href":"https:\/\/paneco.ch\/fr\/wp-json\/wp\/v2\/pages"}],"about":[{"href":"https:\/\/paneco.ch\/fr\/wp-json\/wp\/v2\/types\/page"}],"author":[{"embeddable":true,"href":"https:\/\/paneco.ch\/fr\/wp-json\/wp\/v2\/users\/2"}],"replies":[{"embeddable":true,"href":"https:\/\/paneco.ch\/fr\/wp-json\/wp\/v2\/comments?post=27350"}],"version-history":[{"count":74,"href":"https:\/\/paneco.ch\/fr\/wp-json\/wp\/v2\/pages\/27350\/revisions"}],"predecessor-version":[{"id":40599,"href":"https:\/\/paneco.ch\/fr\/wp-json\/wp\/v2\/pages\/27350\/revisions\/40599"}],"wp:attachment":[{"href":"https:\/\/paneco.ch\/fr\/wp-json\/wp\/v2\/media?parent=27350"}],"curies":[{"name":"wp","href":"https:\/\/api.w.org\/{rel}","templated":true}]}}