{"id":27639,"date":"2021-11-30T09:34:13","date_gmt":"2021-11-30T09:34:13","guid":{"rendered":"https:\/\/paneco.ch\/?page_id=27639"},"modified":"2022-03-16T10:39:19","modified_gmt":"2022-03-16T10:39:19","slug":"notre-travail","status":"publish","type":"page","link":"https:\/\/paneco.ch\/fr\/notre-travail\/","title":{"rendered":"Notre travail"},"content":{"rendered":"\t\t<div data-elementor-type=\"wp-page\" data-elementor-id=\"27639\" class=\"elementor elementor-27639 elementor-22168\" data-elementor-post-type=\"page\">\n\t\t\t\t\t\t<section class=\"elementor-section elementor-top-section elementor-element elementor-element-4ba0c840 elementor-section-boxed elementor-section-height-default elementor-section-height-default\" data-id=\"4ba0c840\" data-element_type=\"section\" data-e-type=\"section\">\n\t\t\t\t\t\t<div class=\"elementor-container elementor-column-gap-no\">\n\t\t\t\t\t<div class=\"elementor-column elementor-col-50 elementor-top-column elementor-element elementor-element-3de6d86\" data-id=\"3de6d86\" data-element_type=\"column\" data-e-type=\"column\">\n\t\t\t<div class=\"elementor-widget-wrap elementor-element-populated\">\n\t\t\t\t\t\t<div class=\"elementor-element elementor-element-2a431196 elementor-widget elementor-widget-heading\" data-id=\"2a431196\" data-element_type=\"widget\" data-e-type=\"widget\" data-widget_type=\"heading.default\">\n\t\t\t\t<div class=\"elementor-widget-container\">\n\t\t\t\t\t<h1 class=\"elementor-heading-title elementor-size-default\">Notre travail<\/h1>\t\t\t\t<\/div>\n\t\t\t\t<\/div>\n\t\t\t\t<div class=\"elementor-element elementor-element-68aceb3 elementor-widget elementor-widget-text-editor\" data-id=\"68aceb3\" data-element_type=\"widget\" data-e-type=\"widget\" data-widget_type=\"text-editor.default\">\n\t\t\t\t<div class=\"elementor-widget-container\">\n\t\t\t\t\t\t\t\t\t<p>Nous nous engageons avec trois programmes \u00e0 long terme dans le domaine de la protection de la nature et des esp\u00e8ces et dans l&rsquo;\u00e9ducation \u00e0 l&rsquo;environnement.<\/p>\t\t\t\t\t\t\t\t<\/div>\n\t\t\t\t<\/div>\n\t\t\t\t<div class=\"elementor-element elementor-element-111fa2e3 elementor-widget elementor-widget-button\" data-id=\"111fa2e3\" data-element_type=\"widget\" data-e-type=\"widget\" data-widget_type=\"button.default\">\n\t\t\t\t<div class=\"elementor-widget-container\">\n\t\t\t\t\t\t\t\t\t<div class=\"elementor-button-wrapper\">\n\t\t\t\t\t<a class=\"elementor-button elementor-button-link elementor-size-sm\" href=\"https:\/\/paneco.ch\/fr\/notre-demarche\/\">\n\t\t\t\t\t\t<span class=\"elementor-button-content-wrapper\">\n\t\t\t\t\t\t<span class=\"elementor-button-icon\">\n\t\t\t\t<svg xmlns=\"http:\/\/www.w3.org\/2000\/svg\" width=\"17\" height=\"15\" viewBox=\"0 0 17 15\"><path d=\"M15,7 L15,8 L-1.2246468e-16,8 L1.2246468e-16,7 L15,7 Z M8.0007122,0.712951816 L8.7040726,1.72448051e-16 L16.2914991,7.48535201 L8.7047848,15 L8,14.2884562 L14.8661309,7.48620379 L8.0007122,0.712951816 Z\"><\/path><\/svg>\t\t\t<\/span>\n\t\t\t\t\t\t\t\t\t<span class=\"elementor-button-text\">Notre d\u00e9marche<\/span>\n\t\t\t\t\t<\/span>\n\t\t\t\t\t<\/a>\n\t\t\t\t<\/div>\n\t\t\t\t\t\t\t\t<\/div>\n\t\t\t\t<\/div>\n\t\t\t\t<div class=\"elementor-element elementor-element-541d9bc elementor-widget elementor-widget-button\" data-id=\"541d9bc\" data-element_type=\"widget\" data-e-type=\"widget\" data-widget_type=\"button.default\">\n\t\t\t\t<div class=\"elementor-widget-container\">\n\t\t\t\t\t\t\t\t\t<div class=\"elementor-button-wrapper\">\n\t\t\t\t\t<a class=\"elementor-button elementor-button-link elementor-size-sm\" href=\"https:\/\/paneco.ch\/fr\/protection-des-orangs-outans\/\">\n\t\t\t\t\t\t<span class=\"elementor-button-content-wrapper\">\n\t\t\t\t\t\t<span class=\"elementor-button-icon\">\n\t\t\t\t<svg xmlns=\"http:\/\/www.w3.org\/2000\/svg\" width=\"17\" height=\"15\" viewBox=\"0 0 17 15\"><path d=\"M15,7 L15,8 L-1.2246468e-16,8 L1.2246468e-16,7 L15,7 Z M8.0007122,0.712951816 L8.7040726,1.72448051e-16 L16.2914991,7.48535201 L8.7047848,15 L8,14.2884562 L14.8661309,7.48620379 L8.0007122,0.712951816 Z\"><\/path><\/svg>\t\t\t<\/span>\n\t\t\t\t\t\t\t\t\t<span class=\"elementor-button-text\">Programme de protection des orangs-outans SOCP<\/span>\n\t\t\t\t\t<\/span>\n\t\t\t\t\t<\/a>\n\t\t\t\t<\/div>\n\t\t\t\t\t\t\t\t<\/div>\n\t\t\t\t<\/div>\n\t\t\t\t<div class=\"elementor-element elementor-element-7919b0f elementor-widget elementor-widget-button\" data-id=\"7919b0f\" data-element_type=\"widget\" data-e-type=\"widget\" data-widget_type=\"button.default\">\n\t\t\t\t<div class=\"elementor-widget-container\">\n\t\t\t\t\t\t\t\t\t<div class=\"elementor-button-wrapper\">\n\t\t\t\t\t<a class=\"elementor-button elementor-button-link elementor-size-sm\" href=\"https:\/\/paneco.ch\/fr\/centre-nature-thurauen\/\">\n\t\t\t\t\t\t<span class=\"elementor-button-content-wrapper\">\n\t\t\t\t\t\t<span class=\"elementor-button-icon\">\n\t\t\t\t<svg xmlns=\"http:\/\/www.w3.org\/2000\/svg\" width=\"17\" height=\"15\" viewBox=\"0 0 17 15\"><path d=\"M15,7 L15,8 L-1.2246468e-16,8 L1.2246468e-16,7 L15,7 Z M8.0007122,0.712951816 L8.7040726,1.72448051e-16 L16.2914991,7.48535201 L8.7047848,15 L8,14.2884562 L14.8661309,7.48620379 L8.0007122,0.712951816 Z\"><\/path><\/svg>\t\t\t<\/span>\n\t\t\t\t\t\t\t\t\t<span class=\"elementor-button-text\">Centre nature Thurauen<\/span>\n\t\t\t\t\t<\/span>\n\t\t\t\t\t<\/a>\n\t\t\t\t<\/div>\n\t\t\t\t\t\t\t\t<\/div>\n\t\t\t\t<\/div>\n\t\t\t\t<div class=\"elementor-element elementor-element-2d73b4b elementor-widget elementor-widget-button\" data-id=\"2d73b4b\" data-element_type=\"widget\" data-e-type=\"widget\" data-widget_type=\"button.default\">\n\t\t\t\t<div class=\"elementor-widget-container\">\n\t\t\t\t\t\t\t\t\t<div class=\"elementor-button-wrapper\">\n\t\t\t\t\t<a class=\"elementor-button elementor-button-link elementor-size-sm\" href=\"https:\/\/paneco.ch\/fr\/station-de-soins-pour-rapaces\/\">\n\t\t\t\t\t\t<span class=\"elementor-button-content-wrapper\">\n\t\t\t\t\t\t<span class=\"elementor-button-icon\">\n\t\t\t\t<svg xmlns=\"http:\/\/www.w3.org\/2000\/svg\" width=\"17\" height=\"15\" viewBox=\"0 0 17 15\"><path d=\"M15,7 L15,8 L-1.2246468e-16,8 L1.2246468e-16,7 L15,7 Z M8.0007122,0.712951816 L8.7040726,1.72448051e-16 L16.2914991,7.48535201 L8.7047848,15 L8,14.2884562 L14.8661309,7.48620379 L8.0007122,0.712951816 Z\"><\/path><\/svg>\t\t\t<\/span>\n\t\t\t\t\t\t\t\t\t<span class=\"elementor-button-text\">Station de soins pour rapaces de Berg am Irchel<\/span>\n\t\t\t\t\t<\/span>\n\t\t\t\t\t<\/a>\n\t\t\t\t<\/div>\n\t\t\t\t\t\t\t\t<\/div>\n\t\t\t\t<\/div>\n\t\t\t\t\t<\/div>\n\t\t<\/div>\n\t\t\t\t<div class=\"elementor-column elementor-col-50 elementor-top-column elementor-element elementor-element-46871d0e elementor-hidden-mobile\" data-id=\"46871d0e\" data-element_type=\"column\" data-e-type=\"column\">\n\t\t\t<div class=\"elementor-widget-wrap\">\n\t\t\t\t\t\t\t<\/div>\n\t\t<\/div>\n\t\t\t\t\t<\/div>\n\t\t<\/section>\n\t\t\t\t<section class=\"elementor-section elementor-top-section elementor-element elementor-element-328dfeb4 elementor-section-boxed elementor-section-height-default elementor-section-height-default\" data-id=\"328dfeb4\" data-element_type=\"section\" data-e-type=\"section\">\n\t\t\t\t\t\t<div class=\"elementor-container elementor-column-gap-no\">\n\t\t\t\t\t<div class=\"elementor-column elementor-col-20 elementor-top-column elementor-element elementor-element-ce68c88\" data-id=\"ce68c88\" data-element_type=\"column\" data-e-type=\"column\">\n\t\t\t<div class=\"elementor-widget-wrap elementor-element-populated\">\n\t\t\t\t\t\t<div class=\"elementor-element elementor-element-272fed6e elementor-widget elementor-widget-image\" data-id=\"272fed6e\" data-element_type=\"widget\" data-e-type=\"widget\" data-widget_type=\"image.default\">\n\t\t\t\t<div class=\"elementor-widget-container\">\n\t\t\t\t\t\t\t\t\t\t\t\t\t\t\t\t<a href=\"https:\/\/paneco.ch\/fr\/notre-demarche\/\">\n\t\t\t\t\t\t\t<img fetchpriority=\"high\" decoding=\"async\" width=\"768\" height=\"1024\" src=\"https:\/\/paneco.ch\/wp-content\/uploads\/2021\/11\/Geschaeftsstelle_PanEco_2_BEARB-768x1024.jpg\" class=\"attachment-medium_large size-medium_large wp-image-20810\" alt=\"\" srcset=\"https:\/\/paneco.ch\/wp-content\/uploads\/2021\/11\/Geschaeftsstelle_PanEco_2_BEARB-768x1024.jpg 768w, https:\/\/paneco.ch\/wp-content\/uploads\/2021\/11\/Geschaeftsstelle_PanEco_2_BEARB-225x300.jpg 225w, https:\/\/paneco.ch\/wp-content\/uploads\/2021\/11\/Geschaeftsstelle_PanEco_2_BEARB-300x400.jpg 300w, https:\/\/paneco.ch\/wp-content\/uploads\/2021\/11\/Geschaeftsstelle_PanEco_2_BEARB-1152x1536.jpg 1152w, https:\/\/paneco.ch\/wp-content\/uploads\/2021\/11\/Geschaeftsstelle_PanEco_2_BEARB-1536x2048.jpg 1536w, https:\/\/paneco.ch\/wp-content\/uploads\/2021\/11\/Geschaeftsstelle_PanEco_2_BEARB-scaled.jpg 1920w\" sizes=\"(max-width: 768px) 100vw, 768px\" \/>\t\t\t\t\t\t\t\t<\/a>\n\t\t\t\t\t\t\t\t\t\t\t\t\t\t\t<\/div>\n\t\t\t\t<\/div>\n\t\t\t\t\t<\/div>\n\t\t<\/div>\n\t\t\t\t<div class=\"elementor-column elementor-col-20 elementor-top-column elementor-element elementor-element-6f3006a2\" data-id=\"6f3006a2\" data-element_type=\"column\" data-e-type=\"column\" data-settings=\"{&quot;background_background&quot;:&quot;classic&quot;}\">\n\t\t\t<div class=\"elementor-widget-wrap elementor-element-populated\">\n\t\t\t\t\t\t<div class=\"elementor-element elementor-element-42ae091a elementor-widget elementor-widget-heading\" data-id=\"42ae091a\" data-element_type=\"widget\" data-e-type=\"widget\" data-widget_type=\"heading.default\">\n\t\t\t\t<div class=\"elementor-widget-container\">\n\t\t\t\t\t<div class=\"elementor-heading-title elementor-size-default\">Notre d\u00e9marche<\/div>\t\t\t\t<\/div>\n\t\t\t\t<\/div>\n\t\t\t\t<div class=\"elementor-element elementor-element-796ddd91 elementor-widget elementor-widget-heading\" data-id=\"796ddd91\" data-element_type=\"widget\" data-e-type=\"widget\" data-widget_type=\"heading.default\">\n\t\t\t\t<div class=\"elementor-widget-container\">\n\t\t\t\t\t<h3 class=\"elementor-heading-title elementor-size-default\"><a href=\"https:\/\/paneco.ch\/fr\/notre-demarche\/\">Comment nous travaillons<\/a><\/h3>\t\t\t\t<\/div>\n\t\t\t\t<\/div>\n\t\t\t\t<div class=\"elementor-element elementor-element-57f7d907 elementor-view-default elementor-widget elementor-widget-icon\" data-id=\"57f7d907\" data-element_type=\"widget\" data-e-type=\"widget\" data-widget_type=\"icon.default\">\n\t\t\t\t<div class=\"elementor-widget-container\">\n\t\t\t\t\t\t\t<div class=\"elementor-icon-wrapper\">\n\t\t\t<a class=\"elementor-icon\" href=\"https:\/\/paneco.ch\/fr\/notre-demarche\/\">\n\t\t\t<svg xmlns=\"http:\/\/www.w3.org\/2000\/svg\" width=\"17\" height=\"15\" viewBox=\"0 0 17 15\"><path d=\"M15,7 L15,8 L-1.2246468e-16,8 L1.2246468e-16,7 L15,7 Z M8.0007122,0.712951816 L8.7040726,1.72448051e-16 L16.2914991,7.48535201 L8.7047848,15 L8,14.2884562 L14.8661309,7.48620379 L8.0007122,0.712951816 Z\"><\/path><\/svg>\t\t\t<\/a>\n\t\t<\/div>\n\t\t\t\t\t\t<\/div>\n\t\t\t\t<\/div>\n\t\t\t\t\t<\/div>\n\t\t<\/div>\n\t\t\t\t<div class=\"elementor-column elementor-col-20 elementor-top-column elementor-element elementor-element-5ba9310e elementor-hidden-mobile\" data-id=\"5ba9310e\" data-element_type=\"column\" data-e-type=\"column\">\n\t\t\t<div class=\"elementor-widget-wrap\">\n\t\t\t\t\t\t\t<\/div>\n\t\t<\/div>\n\t\t\t\t<div class=\"elementor-column elementor-col-20 elementor-top-column elementor-element elementor-element-596c92d2\" data-id=\"596c92d2\" data-element_type=\"column\" data-e-type=\"column\">\n\t\t\t<div class=\"elementor-widget-wrap elementor-element-populated\">\n\t\t\t\t\t\t<div class=\"elementor-element elementor-element-4aea766d elementor-widget elementor-widget-image\" data-id=\"4aea766d\" data-element_type=\"widget\" data-e-type=\"widget\" data-widget_type=\"image.default\">\n\t\t\t\t<div class=\"elementor-widget-container\">\n\t\t\t\t\t\t\t\t\t\t\t\t\t\t\t\t<a href=\"https:\/\/paneco.ch\/fr\/protection-des-orangs-outans\/\">\n\t\t\t\t\t\t\t<img decoding=\"async\" width=\"768\" height=\"1024\" src=\"https:\/\/paneco.ch\/wp-content\/uploads\/2021\/11\/Jantho-Maxime-Aliaga-32_hoch_BEARB-768x1024.jpg\" class=\"attachment-medium_large size-medium_large wp-image-21501\" alt=\"\" srcset=\"https:\/\/paneco.ch\/wp-content\/uploads\/2021\/11\/Jantho-Maxime-Aliaga-32_hoch_BEARB-768x1024.jpg 768w, https:\/\/paneco.ch\/wp-content\/uploads\/2021\/11\/Jantho-Maxime-Aliaga-32_hoch_BEARB-225x300.jpg 225w, https:\/\/paneco.ch\/wp-content\/uploads\/2021\/11\/Jantho-Maxime-Aliaga-32_hoch_BEARB-300x400.jpg 300w, https:\/\/paneco.ch\/wp-content\/uploads\/2021\/11\/Jantho-Maxime-Aliaga-32_hoch_BEARB-1152x1536.jpg 1152w, https:\/\/paneco.ch\/wp-content\/uploads\/2021\/11\/Jantho-Maxime-Aliaga-32_hoch_BEARB-1536x2048.jpg 1536w, https:\/\/paneco.ch\/wp-content\/uploads\/2021\/11\/Jantho-Maxime-Aliaga-32_hoch_BEARB.jpg 1750w\" sizes=\"(max-width: 768px) 100vw, 768px\" \/>\t\t\t\t\t\t\t\t<\/a>\n\t\t\t\t\t\t\t\t\t\t\t\t\t\t\t<\/div>\n\t\t\t\t<\/div>\n\t\t\t\t\t<\/div>\n\t\t<\/div>\n\t\t\t\t<div class=\"elementor-column elementor-col-20 elementor-top-column elementor-element elementor-element-c236e70\" data-id=\"c236e70\" data-element_type=\"column\" data-e-type=\"column\" data-settings=\"{&quot;background_background&quot;:&quot;classic&quot;}\">\n\t\t\t<div class=\"elementor-widget-wrap elementor-element-populated\">\n\t\t\t\t\t\t<div class=\"elementor-element elementor-element-1f4a52ee elementor-widget elementor-widget-heading\" data-id=\"1f4a52ee\" data-element_type=\"widget\" data-e-type=\"widget\" data-widget_type=\"heading.default\">\n\t\t\t\t<div class=\"elementor-widget-container\">\n\t\t\t\t\t<div class=\"elementor-heading-title elementor-size-default\">Programme<\/div>\t\t\t\t<\/div>\n\t\t\t\t<\/div>\n\t\t\t\t<div class=\"elementor-element elementor-element-3f4460a8 elementor-widget elementor-widget-heading\" data-id=\"3f4460a8\" data-element_type=\"widget\" data-e-type=\"widget\" data-widget_type=\"heading.default\">\n\t\t\t\t<div class=\"elementor-widget-container\">\n\t\t\t\t\t<h3 class=\"elementor-heading-title elementor-size-default\"><a href=\"https:\/\/paneco.ch\/fr\/protection-des-orangs-outans\/\">Programme de protection des orangs-outans SOCP<\/a><\/h3>\t\t\t\t<\/div>\n\t\t\t\t<\/div>\n\t\t\t\t<div class=\"elementor-element elementor-element-6ef10ba5 elementor-view-default elementor-widget elementor-widget-icon\" data-id=\"6ef10ba5\" data-element_type=\"widget\" data-e-type=\"widget\" data-widget_type=\"icon.default\">\n\t\t\t\t<div class=\"elementor-widget-container\">\n\t\t\t\t\t\t\t<div class=\"elementor-icon-wrapper\">\n\t\t\t<a class=\"elementor-icon\" href=\"https:\/\/paneco.ch\/fr\/protection-des-orangs-outans\/\">\n\t\t\t<svg xmlns=\"http:\/\/www.w3.org\/2000\/svg\" width=\"17\" height=\"15\" viewBox=\"0 0 17 15\"><path d=\"M15,7 L15,8 L-1.2246468e-16,8 L1.2246468e-16,7 L15,7 Z M8.0007122,0.712951816 L8.7040726,1.72448051e-16 L16.2914991,7.48535201 L8.7047848,15 L8,14.2884562 L14.8661309,7.48620379 L8.0007122,0.712951816 Z\"><\/path><\/svg>\t\t\t<\/a>\n\t\t<\/div>\n\t\t\t\t\t\t<\/div>\n\t\t\t\t<\/div>\n\t\t\t\t\t<\/div>\n\t\t<\/div>\n\t\t\t\t\t<\/div>\n\t\t<\/section>\n\t\t\t\t<section class=\"elementor-section elementor-top-section elementor-element elementor-element-6a212580 elementor-section-boxed elementor-section-height-default elementor-section-height-default\" data-id=\"6a212580\" data-element_type=\"section\" data-e-type=\"section\">\n\t\t\t\t\t\t<div class=\"elementor-container elementor-column-gap-no\">\n\t\t\t\t\t<div class=\"elementor-column elementor-col-20 elementor-top-column elementor-element elementor-element-1afad54a\" data-id=\"1afad54a\" data-element_type=\"column\" data-e-type=\"column\">\n\t\t\t<div class=\"elementor-widget-wrap elementor-element-populated\">\n\t\t\t\t\t\t<div class=\"elementor-element elementor-element-75d600d2 elementor-widget elementor-widget-image\" data-id=\"75d600d2\" data-element_type=\"widget\" data-e-type=\"widget\" data-widget_type=\"image.default\">\n\t\t\t\t<div class=\"elementor-widget-container\">\n\t\t\t\t\t\t\t\t\t\t\t\t\t\t\t\t<a href=\"https:\/\/paneco.ch\/fr\/station-de-soins-pour-rapaces\/\">\n\t\t\t\t\t\t\t<img decoding=\"async\" width=\"768\" height=\"1024\" src=\"https:\/\/paneco.ch\/wp-content\/uploads\/2021\/11\/header_hoch_BEARB-768x1024.jpg\" class=\"attachment-medium_large size-medium_large wp-image-22176\" alt=\"\" srcset=\"https:\/\/paneco.ch\/wp-content\/uploads\/2021\/11\/header_hoch_BEARB-768x1024.jpg 768w, https:\/\/paneco.ch\/wp-content\/uploads\/2021\/11\/header_hoch_BEARB-225x300.jpg 225w, https:\/\/paneco.ch\/wp-content\/uploads\/2021\/11\/header_hoch_BEARB-300x400.jpg 300w, https:\/\/paneco.ch\/wp-content\/uploads\/2021\/11\/header_hoch_BEARB-1152x1536.jpg 1152w, https:\/\/paneco.ch\/wp-content\/uploads\/2021\/11\/header_hoch_BEARB.jpg 1408w\" sizes=\"(max-width: 768px) 100vw, 768px\" \/>\t\t\t\t\t\t\t\t<\/a>\n\t\t\t\t\t\t\t\t\t\t\t\t\t\t\t<\/div>\n\t\t\t\t<\/div>\n\t\t\t\t\t<\/div>\n\t\t<\/div>\n\t\t\t\t<div class=\"elementor-column elementor-col-20 elementor-top-column elementor-element elementor-element-617f9036\" data-id=\"617f9036\" data-element_type=\"column\" data-e-type=\"column\" data-settings=\"{&quot;background_background&quot;:&quot;classic&quot;}\">\n\t\t\t<div class=\"elementor-widget-wrap elementor-element-populated\">\n\t\t\t\t\t\t<div class=\"elementor-element elementor-element-222afe44 elementor-widget elementor-widget-heading\" data-id=\"222afe44\" data-element_type=\"widget\" data-e-type=\"widget\" data-widget_type=\"heading.default\">\n\t\t\t\t<div class=\"elementor-widget-container\">\n\t\t\t\t\t<div class=\"elementor-heading-title elementor-size-default\">Programme<\/div>\t\t\t\t<\/div>\n\t\t\t\t<\/div>\n\t\t\t\t<div class=\"elementor-element elementor-element-649315fc elementor-widget elementor-widget-heading\" data-id=\"649315fc\" data-element_type=\"widget\" data-e-type=\"widget\" data-widget_type=\"heading.default\">\n\t\t\t\t<div class=\"elementor-widget-container\">\n\t\t\t\t\t<h3 class=\"elementor-heading-title elementor-size-default\"><a href=\"https:\/\/paneco.ch\/fr\/station-de-soins-pour-rapaces\/\">Station de soins pour rapaces de Berg am Irchel<\/a><\/h3>\t\t\t\t<\/div>\n\t\t\t\t<\/div>\n\t\t\t\t<div class=\"elementor-element elementor-element-600e46be elementor-view-default elementor-widget elementor-widget-icon\" data-id=\"600e46be\" data-element_type=\"widget\" data-e-type=\"widget\" data-widget_type=\"icon.default\">\n\t\t\t\t<div class=\"elementor-widget-container\">\n\t\t\t\t\t\t\t<div class=\"elementor-icon-wrapper\">\n\t\t\t<a class=\"elementor-icon\" href=\"https:\/\/paneco.ch\/fr\/station-de-soins-pour-rapaces\/\">\n\t\t\t<svg xmlns=\"http:\/\/www.w3.org\/2000\/svg\" width=\"17\" height=\"15\" viewBox=\"0 0 17 15\"><path d=\"M15,7 L15,8 L-1.2246468e-16,8 L1.2246468e-16,7 L15,7 Z M8.0007122,0.712951816 L8.7040726,1.72448051e-16 L16.2914991,7.48535201 L8.7047848,15 L8,14.2884562 L14.8661309,7.48620379 L8.0007122,0.712951816 Z\"><\/path><\/svg>\t\t\t<\/a>\n\t\t<\/div>\n\t\t\t\t\t\t<\/div>\n\t\t\t\t<\/div>\n\t\t\t\t\t<\/div>\n\t\t<\/div>\n\t\t\t\t<div class=\"elementor-column elementor-col-20 elementor-top-column elementor-element elementor-element-7ccbdf4 elementor-hidden-mobile\" data-id=\"7ccbdf4\" data-element_type=\"column\" data-e-type=\"column\">\n\t\t\t<div class=\"elementor-widget-wrap\">\n\t\t\t\t\t\t\t<\/div>\n\t\t<\/div>\n\t\t\t\t<div class=\"elementor-column elementor-col-20 elementor-top-column elementor-element elementor-element-6de148a5\" data-id=\"6de148a5\" data-element_type=\"column\" data-e-type=\"column\">\n\t\t\t<div class=\"elementor-widget-wrap elementor-element-populated\">\n\t\t\t\t\t\t<div class=\"elementor-element elementor-element-13915185 elementor-widget elementor-widget-image\" data-id=\"13915185\" data-element_type=\"widget\" data-e-type=\"widget\" data-widget_type=\"image.default\">\n\t\t\t\t<div class=\"elementor-widget-container\">\n\t\t\t\t\t\t\t\t\t\t\t\t\t\t\t\t<a href=\"https:\/\/paneco.ch\/fr\/centre-nature-thurauen\/\">\n\t\t\t\t\t\t\t<img loading=\"lazy\" decoding=\"async\" width=\"768\" height=\"1024\" src=\"https:\/\/paneco.ch\/wp-content\/uploads\/2021\/11\/ThurauenZentrum02_hoch_BEARB-1-768x1024.jpg\" class=\"attachment-medium_large size-medium_large wp-image-22179\" alt=\"\" srcset=\"https:\/\/paneco.ch\/wp-content\/uploads\/2021\/11\/ThurauenZentrum02_hoch_BEARB-1-768x1024.jpg 768w, https:\/\/paneco.ch\/wp-content\/uploads\/2021\/11\/ThurauenZentrum02_hoch_BEARB-1-225x300.jpg 225w, https:\/\/paneco.ch\/wp-content\/uploads\/2021\/11\/ThurauenZentrum02_hoch_BEARB-1-300x400.jpg 300w, https:\/\/paneco.ch\/wp-content\/uploads\/2021\/11\/ThurauenZentrum02_hoch_BEARB-1-1152x1536.jpg 1152w, https:\/\/paneco.ch\/wp-content\/uploads\/2021\/11\/ThurauenZentrum02_hoch_BEARB-1-1536x2048.jpg 1536w, https:\/\/paneco.ch\/wp-content\/uploads\/2021\/11\/ThurauenZentrum02_hoch_BEARB-1.jpg 1688w\" sizes=\"(max-width: 768px) 100vw, 768px\" \/>\t\t\t\t\t\t\t\t<\/a>\n\t\t\t\t\t\t\t\t\t\t\t\t\t\t\t<\/div>\n\t\t\t\t<\/div>\n\t\t\t\t\t<\/div>\n\t\t<\/div>\n\t\t\t\t<div class=\"elementor-column elementor-col-20 elementor-top-column elementor-element elementor-element-25b6699e\" data-id=\"25b6699e\" data-element_type=\"column\" data-e-type=\"column\" data-settings=\"{&quot;background_background&quot;:&quot;classic&quot;}\">\n\t\t\t<div class=\"elementor-widget-wrap elementor-element-populated\">\n\t\t\t\t\t\t<div class=\"elementor-element elementor-element-62e76f7e elementor-widget elementor-widget-heading\" data-id=\"62e76f7e\" data-element_type=\"widget\" data-e-type=\"widget\" data-widget_type=\"heading.default\">\n\t\t\t\t<div class=\"elementor-widget-container\">\n\t\t\t\t\t<div class=\"elementor-heading-title elementor-size-default\">Programme<\/div>\t\t\t\t<\/div>\n\t\t\t\t<\/div>\n\t\t\t\t<div class=\"elementor-element elementor-element-dd8f5ff elementor-widget elementor-widget-heading\" data-id=\"dd8f5ff\" data-element_type=\"widget\" data-e-type=\"widget\" data-widget_type=\"heading.default\">\n\t\t\t\t<div class=\"elementor-widget-container\">\n\t\t\t\t\t<h3 class=\"elementor-heading-title elementor-size-default\"><a href=\"https:\/\/paneco.ch\/fr\/centre-nature-thurauen\/\">Centre nature Thurauen<\/a><\/h3>\t\t\t\t<\/div>\n\t\t\t\t<\/div>\n\t\t\t\t<div class=\"elementor-element elementor-element-4e1f33b3 elementor-view-default elementor-widget elementor-widget-icon\" data-id=\"4e1f33b3\" data-element_type=\"widget\" data-e-type=\"widget\" data-widget_type=\"icon.default\">\n\t\t\t\t<div class=\"elementor-widget-container\">\n\t\t\t\t\t\t\t<div class=\"elementor-icon-wrapper\">\n\t\t\t<a class=\"elementor-icon\" href=\"https:\/\/paneco.ch\/fr\/centre-nature-thurauen\/\">\n\t\t\t<svg xmlns=\"http:\/\/www.w3.org\/2000\/svg\" width=\"17\" height=\"15\" viewBox=\"0 0 17 15\"><path d=\"M15,7 L15,8 L-1.2246468e-16,8 L1.2246468e-16,7 L15,7 Z M8.0007122,0.712951816 L8.7040726,1.72448051e-16 L16.2914991,7.48535201 L8.7047848,15 L8,14.2884562 L14.8661309,7.48620379 L8.0007122,0.712951816 Z\"><\/path><\/svg>\t\t\t<\/a>\n\t\t<\/div>\n\t\t\t\t\t\t<\/div>\n\t\t\t\t<\/div>\n\t\t\t\t\t<\/div>\n\t\t<\/div>\n\t\t\t\t\t<\/div>\n\t\t<\/section>\n\t\t\t\t<\/div>\n\t\t","protected":false},"excerpt":{"rendered":"<p>Notre travail Nous nous engageons avec trois programmes \u00e0 long terme dans le domaine de la protection de la nature et des esp\u00e8ces et dans l&rsquo;\u00e9ducation \u00e0 l&rsquo;environnement. Notre d\u00e9marche Programme de protection des orangs-outans SOCP Centre nature Thurauen Station de soins pour rapaces de Berg am Irchel Notre d\u00e9marche Comment nous travaillons Programme Programme [&hellip;]<\/p>\n","protected":false},"author":2,"featured_media":0,"parent":0,"menu_order":1,"comment_status":"closed","ping_status":"closed","template":"","meta":{"site-sidebar-layout":"no-sidebar","site-content-layout":"page-builder","ast-site-content-layout":"default","site-content-style":"default","site-sidebar-style":"default","ast-global-header-display":"","ast-banner-title-visibility":"","ast-main-header-display":"","ast-hfb-above-header-display":"","ast-hfb-below-header-display":"","ast-hfb-mobile-header-display":"","site-post-title":"disabled","ast-breadcrumbs-content":"","ast-featured-img":"disabled","footer-sml-layout":"","ast-disable-related-posts":"","theme-transparent-header-meta":"","adv-header-id-meta":"","stick-header-meta":"","header-above-stick-meta":"","header-main-stick-meta":"","header-below-stick-meta":"","astra-migrate-meta-layouts":"default","ast-page-background-enabled":"default","ast-page-background-meta":{"desktop":{"background-color":"var(--ast-global-color-4)","background-image":"","background-repeat":"repeat","background-position":"center center","background-size":"auto","background-attachment":"scroll","background-type":"","background-media":"","overlay-type":"","overlay-color":"","overlay-opacity":"","overlay-gradient":""},"tablet":{"background-color":"","background-image":"","background-repeat":"repeat","background-position":"center center","background-size":"auto","background-attachment":"scroll","background-type":"","background-media":"","overlay-type":"","overlay-color":"","overlay-opacity":"","overlay-gradient":""},"mobile":{"background-color":"","background-image":"","background-repeat":"repeat","background-position":"center center","background-size":"auto","background-attachment":"scroll","background-type":"","background-media":"","overlay-type":"","overlay-color":"","overlay-opacity":"","overlay-gradient":""}},"ast-content-background-meta":{"desktop":{"background-color":"var(--ast-global-color-5)","background-image":"","background-repeat":"repeat","background-position":"center center","background-size":"auto","background-attachment":"scroll","background-type":"","background-media":"","overlay-type":"","overlay-color":"","overlay-opacity":"","overlay-gradient":""},"tablet":{"background-color":"var(--ast-global-color-5)","background-image":"","background-repeat":"repeat","background-position":"center center","background-size":"auto","background-attachment":"scroll","background-type":"","background-media":"","overlay-type":"","overlay-color":"","overlay-opacity":"","overlay-gradient":""},"mobile":{"background-color":"var(--ast-global-color-5)","background-image":"","background-repeat":"repeat","background-position":"center center","background-size":"auto","background-attachment":"scroll","background-type":"","background-media":"","overlay-type":"","overlay-color":"","overlay-opacity":"","overlay-gradient":""}},"footnotes":""},"class_list":["post-27639","page","type-page","status-publish","hentry"],"_links":{"self":[{"href":"https:\/\/paneco.ch\/fr\/wp-json\/wp\/v2\/pages\/27639","targetHints":{"allow":["GET"]}}],"collection":[{"href":"https:\/\/paneco.ch\/fr\/wp-json\/wp\/v2\/pages"}],"about":[{"href":"https:\/\/paneco.ch\/fr\/wp-json\/wp\/v2\/types\/page"}],"author":[{"embeddable":true,"href":"https:\/\/paneco.ch\/fr\/wp-json\/wp\/v2\/users\/2"}],"replies":[{"embeddable":true,"href":"https:\/\/paneco.ch\/fr\/wp-json\/wp\/v2\/comments?post=27639"}],"version-history":[{"count":76,"href":"https:\/\/paneco.ch\/fr\/wp-json\/wp\/v2\/pages\/27639\/revisions"}],"predecessor-version":[{"id":28343,"href":"https:\/\/paneco.ch\/fr\/wp-json\/wp\/v2\/pages\/27639\/revisions\/28343"}],"wp:attachment":[{"href":"https:\/\/paneco.ch\/fr\/wp-json\/wp\/v2\/media?parent=27639"}],"curies":[{"name":"wp","href":"https:\/\/api.w.org\/{rel}","templated":true}]}}